{"id":91,"date":"2022-03-06T10:09:36","date_gmt":"2022-03-06T10:09:36","guid":{"rendered":"http:\/\/pyropech.imi.hr\/?page_id=91"},"modified":"2026-02-15T20:00:14","modified_gmt":"2026-02-15T20:00:14","slug":"info","status":"publish","type":"page","link":"https:\/\/pyropech.imi.hr\/index.php\/hr\/info\/","title":{"rendered":"Za sudionike"},"content":{"rendered":"\n<p>Vi\u0161e informacija o projektu mo\u017eete na\u0107i u na\u0161em videu i letku u nastavku.<\/p>\n\n\n\n<figure class=\"wp-block-video\"><video height=\"1080\" style=\"aspect-ratio: 1920 \/ 1080;\" width=\"1920\" controls src=\"http:\/\/pyropech.imi.hr\/wp-content\/uploads\/2022\/03\/PYROPECH_VIDEO.mp4\"><\/video><\/figure>\n\n\n\n<p><\/p>\n\n\n\n<p><\/p>\n\n\n\n<p>Preuzmite letak ovdje:<\/p>\n\n\n\n<div class=\"wp-block-file\"><a href=\"http:\/\/pyropech.imi.hr\/wp-content\/uploads\/2022\/04\/PyrOPECh_letak.pdf\">PyrOPECh &#8211; letak<\/a><a href=\"http:\/\/pyropech.imi.hr\/wp-content\/uploads\/2022\/04\/PyrOPECh_letak.pdf\" class=\"wp-block-file__button wp-element-button\" download>Download<\/a><\/div>\n\n\n\n<h2 class=\"wp-block-heading\">Za\u0161to provodimo istra\u017eivanje u sklopu projekta PyrOPECh?<\/h2>\n\n\n\n<p class=\"has-text-align-center\"><em><strong>\u0160to su pesticidi?<\/strong><\/em><\/p>\n\n\n\n<p>Op\u0107enito, pesticidi su tvari namijenjene suzbijanju \u0161tetnika u poljoprivredi, ali i u ku\u0107anstvu, industriji, veterini i javnom zdravstvu<strong><em>.<\/em><\/strong><\/p>\n\n\n\n<p><strong>Organofosfatni insekticidi<\/strong> su sintetski spojevi za suzbijanje kukaca. Uporaba ovih pesticida danas znatno opada.<\/p>\n\n\n\n<p><strong>Piretroidni insekticidi<\/strong> su sintetski spojevi za suzbijanje kukaca. Koriste se kao zamjena za otrovnije organofosfatne insekticide i nalaze se u brojnim sredstvima za za\u0161titu bilja u poljoprivredi, \u0161umarstvu i hortikulturi, ali i za suzbijanje \u0161tetnika u ku\u0107anstvu, te kao repelenti.<\/p>\n\n\n\n<p class=\"has-text-align-center\"><strong><em>Da li su ostaci pesticida u hrani zabrinjavaju\u0107i?<\/em><\/strong><\/p>\n\n\n\n<p>Prije stavljanja na tr\u017ei\u0161te <strong>svi kemijski proizvodi, pa tako i pesticidi, prolaze strogu procjenu rizika za zdravlje ljudi nakon o\u010dekivane primjene<\/strong>, me\u0111u ostalim i procjenu izlo\u017eenosti op\u0107e javnosti ostacima putem hrane. Pesticid za koji je utvr\u0111en neprihvatljiv rizik ne\u0107e biti odobren. Uz to, zahvaljuju\u0107i modernim propisima i nadzoru nad upotrebom u europskoj zajednici, izlo\u017eenost pesticidima putem hrane, sre\u0107om, u najve\u0107em je broju slu\u010dajeva niska.<\/p>\n\n\n\n<p><strong>Me\u0111utim, podaci o dugoro\u010dnim u\u010dincima unosa niskih razina pesticida putem hrane su oskudni.<\/strong> &nbsp;Sumnja se da izlo\u017eenost piretroidnim i organofosfatnim insekticidima mo\u017ee biti povezana s raznim kroni\u010dnim bolestima, sa \u0161tetnim u\u010dincima na <strong>spolni sustav te s usporenim razvojem \u017eiv\u010danog sustava u djece<\/strong>. Op\u0107enito, <strong>pubertet je razdoblje pove\u0107anog rizika za \u0161tetne u\u010dinke kemikalija.<\/strong> Stoga postoji sumnja da bi navedeni pesticidi mogli nepovoljno utjecati na brzinu spolnog sazrijevanja dje\u010daka te na sazrijevanje sredi\u0161njeg \u017eiv\u010danog sustava, \u0161to se mo\u017ee nepovoljno odraziti na njihovu pa\u017enju, koncentraciju, pam\u0107enje i spavanje.<\/p>\n\n\n\n<p class=\"has-text-align-center\"><strong><em>Kako \u0107e PyrOPECh projekt pomo\u0107i za\u0161tititi zdravlje djece?<\/em><\/strong><\/p>\n\n\n\n<p>U gornjem videu i letku opisan je tijek projekta. Skupljeni podaci o prehrambenim navikama dje\u010daka, razini spojeva nastalih razgradnjom pesticida u&nbsp;njihovoj mokra\u0107i, razinama spolnih hormona, te podaci o pubertetskom razvoju od njihovog 5. do 7. razreda osnovne \u0161kole pomo\u0107i \u0107e <strong>dati odgovor na pitanje da li postoji povezanost izme\u0111u izlo\u017eenosti pesticidima i razvoja dje\u010daka tijekom puberteta.&nbsp; <\/strong>Dakle, projekt \u0107e dati odgovor na <strong>jo\u0161 nedovoljno istra\u017eena pitanja<\/strong>:<\/p>\n\n\n\n<ul class=\"wp-block-list\">\n<li><strong>Koliko su na\u0161a djeca izlo\u017eena pesticidima<\/strong><\/li>\n\n\n\n<li><strong>Koji su pesticidi najrizi\u010dniji za njihov spolni razvoj <\/strong>i ulazak u pubertet<\/li>\n\n\n\n<li><strong>Koji su pesticidi najrizi\u010dniji za razvoj<\/strong> <strong>njihovog \u017eiv\u010danog sustava<\/strong>, \u0161to je va\u017eno za pa\u017enju, koncentraciju, pam\u0107enje i spavanje dje\u010daka<\/li>\n\n\n\n<li><strong>Do koje mjere ve\u0107 sada mo\u017eemo smanjiti izlo\u017eenost<\/strong> <strong>pesticidima hranom<\/strong><\/li>\n<\/ul>\n\n\n\n<p class=\"has-text-align-center\"><em><strong>Kako se provodilo istra\u017eivanje?<\/strong><\/em><\/p>\n\n\n\n<figure class=\"wp-block-image alignwide size-large\"><img loading=\"lazy\" decoding=\"async\" width=\"1024\" height=\"389\" src=\"http:\/\/pyropech.imi.hr\/wp-content\/uploads\/2023\/06\/Shema_projekta_pg1_v2-1024x389.png\" alt=\"\" class=\"wp-image-131\" srcset=\"https:\/\/pyropech.imi.hr\/wp-content\/uploads\/2023\/06\/Shema_projekta_pg1_v2-1024x389.png 1024w, https:\/\/pyropech.imi.hr\/wp-content\/uploads\/2023\/06\/Shema_projekta_pg1_v2-300x114.png 300w, https:\/\/pyropech.imi.hr\/wp-content\/uploads\/2023\/06\/Shema_projekta_pg1_v2-768x292.png 768w, https:\/\/pyropech.imi.hr\/wp-content\/uploads\/2023\/06\/Shema_projekta_pg1_v2-1080x410.png 1080w, https:\/\/pyropech.imi.hr\/wp-content\/uploads\/2023\/06\/Shema_projekta_pg1_v2.png 1345w\" sizes=\"auto, (max-width: 1024px) 100vw, 1024px\" \/><\/figure>\n\n\n\n<p class=\"has-text-align-center\"><\/p>\n\n\n\n<p class=\"has-text-align-center\"><strong><em>A kako je to izgledalo na terenu?<\/em><\/strong><\/p>\n\n\n\n<div class=\"wp-block-jetpack-tiled-gallery aligncenter is-style-rectangular\"><div class=\"tiled-gallery__gallery\"><div class=\"tiled-gallery__row\"><div class=\"tiled-gallery__col\"><figure class=\"tiled-gallery__item\"><img decoding=\"async\" srcset=\"https:\/\/i0.wp.com\/pyropech.imi.hr\/wp-content\/uploads\/2023\/06\/IMG-20220524-WA0002.jpg?strip=info&#038;w=600&#038;ssl=1 600w,https:\/\/i0.wp.com\/pyropech.imi.hr\/wp-content\/uploads\/2023\/06\/IMG-20220524-WA0002.jpg?strip=info&#038;w=900&#038;ssl=1 900w,https:\/\/i0.wp.com\/pyropech.imi.hr\/wp-content\/uploads\/2023\/06\/IMG-20220524-WA0002.jpg?strip=info&#038;w=1056&#038;ssl=1 1056w\" alt=\"\" data-height=\"1268\" data-id=\"171\" data-link=\"https:\/\/pyropech.imi.hr\/img-20220524-wa0002\/\" data-url=\"https:\/\/pyropech.imi.hr\/wp-content\/uploads\/2023\/06\/IMG-20220524-WA0002.jpg\" data-width=\"1056\" src=\"https:\/\/i0.wp.com\/pyropech.imi.hr\/wp-content\/uploads\/2023\/06\/IMG-20220524-WA0002.jpg?ssl=1\"\/><\/figure><\/div><div class=\"tiled-gallery__col\"><figure class=\"tiled-gallery__item\"><img decoding=\"async\" srcset=\"https:\/\/i2.wp.com\/pyropech.imi.hr\/wp-content\/uploads\/2023\/06\/IMG-20230605-WA0004.jpg?strip=info&#038;w=600&#038;ssl=1 600w,https:\/\/i2.wp.com\/pyropech.imi.hr\/wp-content\/uploads\/2023\/06\/IMG-20230605-WA0004.jpg?strip=info&#038;w=900&#038;ssl=1 900w,https:\/\/i2.wp.com\/pyropech.imi.hr\/wp-content\/uploads\/2023\/06\/IMG-20230605-WA0004.jpg?strip=info&#038;w=1134&#038;ssl=1 1134w\" alt=\"\" data-height=\"2016\" data-id=\"172\" data-link=\"https:\/\/pyropech.imi.hr\/img-20230605-wa0004\/\" data-url=\"https:\/\/pyropech.imi.hr\/wp-content\/uploads\/2023\/06\/IMG-20230605-WA0004.jpg\" data-width=\"1134\" src=\"https:\/\/i2.wp.com\/pyropech.imi.hr\/wp-content\/uploads\/2023\/06\/IMG-20230605-WA0004.jpg?ssl=1\"\/><\/figure><\/div><\/div><div class=\"tiled-gallery__row\"><div class=\"tiled-gallery__col\"><figure class=\"tiled-gallery__item\"><img decoding=\"async\" srcset=\"https:\/\/i0.wp.com\/pyropech.imi.hr\/wp-content\/uploads\/2023\/06\/20230504_091747-scaled.jpg?strip=info&#038;w=600&#038;ssl=1 600w,https:\/\/i0.wp.com\/pyropech.imi.hr\/wp-content\/uploads\/2023\/06\/20230504_091747-scaled.jpg?strip=info&#038;w=900&#038;ssl=1 900w,https:\/\/i0.wp.com\/pyropech.imi.hr\/wp-content\/uploads\/2023\/06\/20230504_091747-scaled.jpg?strip=info&#038;w=1200&#038;ssl=1 1200w,https:\/\/i0.wp.com\/pyropech.imi.hr\/wp-content\/uploads\/2023\/06\/20230504_091747-scaled.jpg?strip=info&#038;w=1500&#038;ssl=1 1500w,https:\/\/i0.wp.com\/pyropech.imi.hr\/wp-content\/uploads\/2023\/06\/20230504_091747-scaled.jpg?strip=info&#038;w=1800&#038;ssl=1 1800w,https:\/\/i0.wp.com\/pyropech.imi.hr\/wp-content\/uploads\/2023\/06\/20230504_091747-scaled.jpg?strip=info&#038;w=2000&#038;ssl=1 2000w\" alt=\"\" data-height=\"1440\" data-id=\"173\" data-link=\"https:\/\/pyropech.imi.hr\/20230504_091747\/\" data-url=\"https:\/\/pyropech.imi.hr\/wp-content\/uploads\/2023\/06\/20230504_091747-scaled.jpg\" data-width=\"2560\" src=\"https:\/\/i0.wp.com\/pyropech.imi.hr\/wp-content\/uploads\/2023\/06\/20230504_091747-scaled.jpg?ssl=1\"\/><\/figure><figure class=\"tiled-gallery__item\"><img decoding=\"async\" srcset=\"https:\/\/i0.wp.com\/pyropech.imi.hr\/wp-content\/uploads\/2023\/06\/20230504_091930-scaled.jpg?strip=info&#038;w=600&#038;ssl=1 600w,https:\/\/i0.wp.com\/pyropech.imi.hr\/wp-content\/uploads\/2023\/06\/20230504_091930-scaled.jpg?strip=info&#038;w=900&#038;ssl=1 900w,https:\/\/i0.wp.com\/pyropech.imi.hr\/wp-content\/uploads\/2023\/06\/20230504_091930-scaled.jpg?strip=info&#038;w=1200&#038;ssl=1 1200w,https:\/\/i0.wp.com\/pyropech.imi.hr\/wp-content\/uploads\/2023\/06\/20230504_091930-scaled.jpg?strip=info&#038;w=1500&#038;ssl=1 1500w,https:\/\/i0.wp.com\/pyropech.imi.hr\/wp-content\/uploads\/2023\/06\/20230504_091930-scaled.jpg?strip=info&#038;w=1800&#038;ssl=1 1800w,https:\/\/i0.wp.com\/pyropech.imi.hr\/wp-content\/uploads\/2023\/06\/20230504_091930-scaled.jpg?strip=info&#038;w=2000&#038;ssl=1 2000w\" alt=\"\" data-height=\"1440\" data-id=\"174\" data-link=\"https:\/\/pyropech.imi.hr\/20230504_091930\/\" data-url=\"https:\/\/pyropech.imi.hr\/wp-content\/uploads\/2023\/06\/20230504_091930-scaled.jpg\" data-width=\"2560\" src=\"https:\/\/i0.wp.com\/pyropech.imi.hr\/wp-content\/uploads\/2023\/06\/20230504_091930-scaled.jpg?ssl=1\"\/><\/figure><\/div><div class=\"tiled-gallery__col\"><figure class=\"tiled-gallery__item\"><img decoding=\"async\" srcset=\"https:\/\/i1.wp.com\/pyropech.imi.hr\/wp-content\/uploads\/2023\/06\/IMG-20230605-WA0005.jpg?strip=info&#038;w=600&#038;ssl=1 600w,https:\/\/i1.wp.com\/pyropech.imi.hr\/wp-content\/uploads\/2023\/06\/IMG-20230605-WA0005.jpg?strip=info&#038;w=900&#038;ssl=1 900w,https:\/\/i1.wp.com\/pyropech.imi.hr\/wp-content\/uploads\/2023\/06\/IMG-20230605-WA0005.jpg?strip=info&#038;w=1200&#038;ssl=1 1200w,https:\/\/i1.wp.com\/pyropech.imi.hr\/wp-content\/uploads\/2023\/06\/IMG-20230605-WA0005.jpg?strip=info&#038;w=1500&#038;ssl=1 1500w\" alt=\"\" data-height=\"2000\" data-id=\"178\" data-link=\"https:\/\/pyropech.imi.hr\/img-20230605-wa0005\/\" data-url=\"https:\/\/pyropech.imi.hr\/wp-content\/uploads\/2023\/06\/IMG-20230605-WA0005.jpg\" data-width=\"1500\" src=\"https:\/\/i1.wp.com\/pyropech.imi.hr\/wp-content\/uploads\/2023\/06\/IMG-20230605-WA0005.jpg?ssl=1\"\/><\/figure><\/div><\/div><div class=\"tiled-gallery__row\"><div class=\"tiled-gallery__col\"><figure class=\"tiled-gallery__item\"><img decoding=\"async\" srcset=\"https:\/\/i2.wp.com\/pyropech.imi.hr\/wp-content\/uploads\/2023\/06\/IMG-20221104-WA0000.jpg?strip=info&#038;w=600&#038;ssl=1 600w,https:\/\/i2.wp.com\/pyropech.imi.hr\/wp-content\/uploads\/2023\/06\/IMG-20221104-WA0000.jpg?strip=info&#038;w=900&#038;ssl=1 900w,https:\/\/i2.wp.com\/pyropech.imi.hr\/wp-content\/uploads\/2023\/06\/IMG-20221104-WA0000.jpg?strip=info&#038;w=1200&#038;ssl=1 1200w,https:\/\/i2.wp.com\/pyropech.imi.hr\/wp-content\/uploads\/2023\/06\/IMG-20221104-WA0000.jpg?strip=info&#038;w=1500&#038;ssl=1 1500w\" alt=\"\" data-height=\"2000\" data-id=\"175\" data-link=\"https:\/\/pyropech.imi.hr\/img-20221104-wa0000\/\" data-url=\"https:\/\/pyropech.imi.hr\/wp-content\/uploads\/2023\/06\/IMG-20221104-WA0000.jpg\" data-width=\"1500\" src=\"https:\/\/i2.wp.com\/pyropech.imi.hr\/wp-content\/uploads\/2023\/06\/IMG-20221104-WA0000.jpg?ssl=1\"\/><\/figure><\/div><div class=\"tiled-gallery__col\"><figure class=\"tiled-gallery__item\"><img decoding=\"async\" srcset=\"https:\/\/i2.wp.com\/pyropech.imi.hr\/wp-content\/uploads\/2023\/06\/20220706_143522-scaled.jpg?strip=info&#038;w=600&#038;ssl=1 600w,https:\/\/i2.wp.com\/pyropech.imi.hr\/wp-content\/uploads\/2023\/06\/20220706_143522-scaled.jpg?strip=info&#038;w=900&#038;ssl=1 900w,https:\/\/i2.wp.com\/pyropech.imi.hr\/wp-content\/uploads\/2023\/06\/20220706_143522-scaled.jpg?strip=info&#038;w=1200&#038;ssl=1 1200w,https:\/\/i2.wp.com\/pyropech.imi.hr\/wp-content\/uploads\/2023\/06\/20220706_143522-scaled.jpg?strip=info&#038;w=1500&#038;ssl=1 1500w,https:\/\/i2.wp.com\/pyropech.imi.hr\/wp-content\/uploads\/2023\/06\/20220706_143522-scaled.jpg?strip=info&#038;w=1800&#038;ssl=1 1800w,https:\/\/i2.wp.com\/pyropech.imi.hr\/wp-content\/uploads\/2023\/06\/20220706_143522-scaled.jpg?strip=info&#038;w=2000&#038;ssl=1 2000w\" alt=\"\" data-height=\"1920\" data-id=\"177\" data-link=\"https:\/\/pyropech.imi.hr\/20220706_143522\/\" data-url=\"https:\/\/pyropech.imi.hr\/wp-content\/uploads\/2023\/06\/20220706_143522-scaled.jpg\" data-width=\"2560\" src=\"https:\/\/i2.wp.com\/pyropech.imi.hr\/wp-content\/uploads\/2023\/06\/20220706_143522-scaled.jpg?ssl=1\"\/><\/figure><\/div><\/div><div class=\"tiled-gallery__row\"><div class=\"tiled-gallery__col\"><figure class=\"tiled-gallery__item\"><img decoding=\"async\" srcset=\"https:\/\/i1.wp.com\/pyropech.imi.hr\/wp-content\/uploads\/2023\/06\/20220701_165557-scaled.jpg?strip=info&#038;w=600&#038;ssl=1 600w,https:\/\/i1.wp.com\/pyropech.imi.hr\/wp-content\/uploads\/2023\/06\/20220701_165557-scaled.jpg?strip=info&#038;w=900&#038;ssl=1 900w,https:\/\/i1.wp.com\/pyropech.imi.hr\/wp-content\/uploads\/2023\/06\/20220701_165557-scaled.jpg?strip=info&#038;w=1200&#038;ssl=1 1200w,https:\/\/i1.wp.com\/pyropech.imi.hr\/wp-content\/uploads\/2023\/06\/20220701_165557-scaled.jpg?strip=info&#038;w=1440&#038;ssl=1 1440w\" alt=\"\" data-height=\"2560\" data-id=\"176\" data-link=\"https:\/\/pyropech.imi.hr\/20220701_165557\/\" data-url=\"https:\/\/pyropech.imi.hr\/wp-content\/uploads\/2023\/06\/20220701_165557-scaled.jpg\" data-width=\"1440\" src=\"https:\/\/i1.wp.com\/pyropech.imi.hr\/wp-content\/uploads\/2023\/06\/20220701_165557-scaled.jpg?ssl=1\"\/><\/figure><\/div><div class=\"tiled-gallery__col\"><figure class=\"tiled-gallery__item\"><img decoding=\"async\" srcset=\"https:\/\/i0.wp.com\/pyropech.imi.hr\/wp-content\/uploads\/2023\/06\/IMG-20230605-WA0001.jpg?strip=info&#038;w=600&#038;ssl=1 600w,https:\/\/i0.wp.com\/pyropech.imi.hr\/wp-content\/uploads\/2023\/06\/IMG-20230605-WA0001.jpg?strip=info&#038;w=900&#038;ssl=1 900w,https:\/\/i0.wp.com\/pyropech.imi.hr\/wp-content\/uploads\/2023\/06\/IMG-20230605-WA0001.jpg?strip=info&#038;w=1200&#038;ssl=1 1200w,https:\/\/i0.wp.com\/pyropech.imi.hr\/wp-content\/uploads\/2023\/06\/IMG-20230605-WA0001.jpg?strip=info&#038;w=1500&#038;ssl=1 1500w\" alt=\"\" data-height=\"2000\" data-id=\"164\" data-link=\"https:\/\/pyropech.imi.hr\/img-20230605-wa0001\/\" data-url=\"https:\/\/pyropech.imi.hr\/wp-content\/uploads\/2023\/06\/IMG-20230605-WA0001.jpg\" data-width=\"1500\" src=\"https:\/\/i0.wp.com\/pyropech.imi.hr\/wp-content\/uploads\/2023\/06\/IMG-20230605-WA0001.jpg?ssl=1\"\/><\/figure><\/div><div class=\"tiled-gallery__col\"><figure class=\"tiled-gallery__item\"><img decoding=\"async\" srcset=\"https:\/\/i0.wp.com\/pyropech.imi.hr\/wp-content\/uploads\/2023\/06\/VideoCapture_20220706-150524.jpg?strip=info&#038;w=600&#038;ssl=1 600w,https:\/\/i0.wp.com\/pyropech.imi.hr\/wp-content\/uploads\/2023\/06\/VideoCapture_20220706-150524.jpg?strip=info&#038;w=640&#038;ssl=1 640w\" alt=\"\" data-height=\"352\" data-id=\"170\" data-link=\"https:\/\/pyropech.imi.hr\/videocapture_20220706-150524\/\" data-url=\"https:\/\/pyropech.imi.hr\/wp-content\/uploads\/2023\/06\/VideoCapture_20220706-150524.jpg\" data-width=\"640\" src=\"https:\/\/i0.wp.com\/pyropech.imi.hr\/wp-content\/uploads\/2023\/06\/VideoCapture_20220706-150524.jpg?ssl=1\"\/><\/figure><\/div><\/div><\/div><\/div>\n","protected":false},"excerpt":{"rendered":"<p>Vi\u0161e informacija o projektu mo\u017eete na\u0107i u na\u0161em videu i letku u nastavku. Preuzmite letak ovdje: Za\u0161to provodimo istra\u017eivanje u sklopu projekta PyrOPECh? \u0160to su pesticidi? Op\u0107enito, pesticidi su tvari namijenjene suzbijanju \u0161tetnika u poljoprivredi, ali i u ku\u0107anstvu, industriji, veterini i javnom zdravstvu. Organofosfatni insekticidi su sintetski spojevi za suzbijanje kukaca. Uporaba ovih pesticida &hellip; <a href=\"https:\/\/pyropech.imi.hr\/index.php\/hr\/info\/\" class=\"more-link\">Continue reading <span class=\"screen-reader-text\">Za sudionike<\/span><\/a><\/p>\n","protected":false},"author":1,"featured_media":0,"parent":0,"menu_order":0,"comment_status":"closed","ping_status":"closed","template":"","meta":{"footnotes":""},"tags":[],"class_list":["post-91","page","type-page","status-publish","hentry","no-featured-image"],"jetpack_sharing_enabled":true,"_links":{"self":[{"href":"https:\/\/pyropech.imi.hr\/index.php\/wp-json\/wp\/v2\/pages\/91","targetHints":{"allow":["GET"]}}],"collection":[{"href":"https:\/\/pyropech.imi.hr\/index.php\/wp-json\/wp\/v2\/pages"}],"about":[{"href":"https:\/\/pyropech.imi.hr\/index.php\/wp-json\/wp\/v2\/types\/page"}],"author":[{"embeddable":true,"href":"https:\/\/pyropech.imi.hr\/index.php\/wp-json\/wp\/v2\/users\/1"}],"replies":[{"embeddable":true,"href":"https:\/\/pyropech.imi.hr\/index.php\/wp-json\/wp\/v2\/comments?post=91"}],"version-history":[{"count":11,"href":"https:\/\/pyropech.imi.hr\/index.php\/wp-json\/wp\/v2\/pages\/91\/revisions"}],"predecessor-version":[{"id":401,"href":"https:\/\/pyropech.imi.hr\/index.php\/wp-json\/wp\/v2\/pages\/91\/revisions\/401"}],"wp:attachment":[{"href":"https:\/\/pyropech.imi.hr\/index.php\/wp-json\/wp\/v2\/media?parent=91"}],"wp:term":[{"taxonomy":"post_tag","embeddable":true,"href":"https:\/\/pyropech.imi.hr\/index.php\/wp-json\/wp\/v2\/tags?post=91"}],"curies":[{"name":"wp","href":"https:\/\/api.w.org\/{rel}","templated":true}]}}