{"id":41,"date":"2020-04-23T00:08:21","date_gmt":"2020-04-23T00:08:21","guid":{"rendered":"http:\/\/pyropech.imi.hr\/?page_id=41"},"modified":"2026-03-17T09:47:45","modified_gmt":"2026-03-17T09:47:45","slug":"o-projektu","status":"publish","type":"page","link":"https:\/\/pyropech.imi.hr\/index.php\/hr\/o-projektu\/","title":{"rendered":"O projektu"},"content":{"rendered":"\n<p><em><strong>Napomena:<\/strong> <strong>Projekt je zavr\u0161en 25. o\u017eujka 2025. Diseminacija rezultata projekta je u tijeku. <\/strong><\/em><\/p>\n\n\n\n<p class=\"has-text-align-left\"><strong>Sa\u017eetak projekta:<\/strong> Epidemiolo\u0161ka istra\u017eivanja i pokusi na \u017eivotinjama upu\u0107uju na mogu\u0107e \u0161tetne u\u010dinke piretroidnih (PYR) i organofosfatnih (OP) insekticida na razvoj mozga i spolni razvoj u djece, \u010dak i pri vrlo niskim razinama izlo\u017eenosti. Me\u0111utim, mogu\u0107a povezanost izlo\u017eenosti pesticidima s navedenim zdravstvenim parametrima malo je istra\u017eivana za razdoblje puberteta, uz nejednozna\u010dne rezultate i znatna metodolo\u0161ka ograni\u010denja, kao \u0161to su nedovoljno definirana izlo\u017eenost i presje\u010dni dizajn studija. Glavni cilj predlo\u017eenog projekta je procijeniti rizik od \u0161tetnih u\u010dinaka izlo\u017eenosti PYR i OP insekticidima na neuropsiholo\u0161ki razvoj i hormonski status dje\u010daka u predpubertetu i pubertetu u 2-godi\u0161njoj kohortnoj studiji, uz kontrolu za potencijalne \u010dimbenike utjecaja, koriste\u0107i isklju\u010divo neinvazivne metode. Izlo\u017eenost djece PYR i OP insekticidima procjenjivat \u0107e mjerenjem njihovih metabolita u urinu u 5. i 7. razredu osnovne \u0161kole, te procjenom unosa pesticida hranom pomo\u0107u 24-satnog prisje\u0107anja o prehrani u pet navrata tijekom 2-godi\u0161njeg pra\u0107enja. U 5. i 7. razredu osnovne \u0161kole procjenjivat \u0107e se neuropsiholo\u0161ki razvoj testiranjem pa\u017enje, pam\u0107enja i brzine jednostavne psihomotorne reakcije, procjenom karakteristika spavanja i neurobihevioralnog funkcioniranja, a pubertetski razvoj procjenjivat \u0107e se pomo\u0107u klini\u010dkog pregleda (po Tanneru i Praderu), mjerenja gonadotropina u urinu te spolnih hormona (testosterona i dehidroepiandrosteron sulfata) u slini. O\u010dekuje se da \u0107e istra\u017eivanje doprinijeti 1) razumijevanju rizika od mogu\u0107ih \u0161tetnih u\u010dinaka PYR i OP insekticida na neuropsiholo\u0161ki razvoj i hormonski status dje\u010daka u pubertetu; 2) prepoznavanju nedostataka i unaprje\u0111enju danas raspolo\u017eive metodologije ocjenjivanja razvojne neurotoksi\u010dnosti i endokrine disrupcije u okviru regulatorne toksikologije; 3) razvoju metodologije za procjenu izlo\u017eenosti pesticidima koji nemaju osobinu nakupljanja u tijelu; 4) boljoj karakterizaciji izlo\u017eenosti pesticidima u hrvatskoj populaciji.<\/p>\n\n\n\n<p class=\"has-text-align-justify\"><strong>Projekt je financirala Hrvatska zaklada za znanost. Projekt je trajao od 1. velja\u010de 2020. do 25. o\u017eujka 2025.<\/strong><\/p>\n\n\n\n<p><strong>Voditeljica projekta:<\/strong> dr. sc. <strong>Veda Marija Varnai<\/strong>, dr. med., znan. savj. u tr. zv.<\/p>\n\n\n\n<p><strong>\u010clanovi istra\u017eiva\u010dke skupine:<\/strong><\/p>\n\n\n\n<ul class=\"wp-block-list\">\n<li>dr. sc. <strong>\u017deljka Babi\u0107<\/strong>, mag. pharm., vi\u0161i znan. sur.<\/li>\n\n\n\n<li><strong>Iva Bebek<\/strong>, mag. ing. techn. aliment.<\/li>\n\n\n\n<li>izv. prof. dr. sc. <strong>Adrijana Bjelajac<\/strong> (ranije Ko\u0161\u0107ec), prof. psih. i psihoterapeutkinja<\/li>\n\n\n\n<li>dr. sc. <strong>Jasminka Bobi\u0107<\/strong>, prof. psih., znan. sur. u tr. zv. (u mirovini)<\/li>\n\n\n\n<li>prof. dr. sc. <strong>Selma Cvijeti\u0107 Avdagi\u0107<\/strong>, dr. med., spec. epid., znan. savj. u tr. zv.<\/li>\n\n\n\n<li>doc. dr. sc. <strong>Eva An\u0111ela Delale<\/strong>, prof. psih.<\/li>\n\n\n\n<li>dr. sc. <strong>Katja Dumi\u0107 Kubat<\/strong>, spec. pedijatrije<\/li>\n\n\n\n<li>Dr<strong>.&nbsp; Jim Garvey<\/strong>, B.Sc. (Hons), Ph.D. Organic Chemistry<\/li>\n\n\n\n<li>prim. doc. dr. sc. <strong>Romana Gjergja Jura\u0161ki<\/strong>, dr. med., spec. neuropedijatar<\/li>\n\n\n\n<li>dr. sc. <strong>Matijana Jergovi\u0107<\/strong> (ro\u0111. Grgi\u0107), dr. med., spec. epid. i ekolog.<\/li>\n\n\n\n<li>dr. sc. <strong>Gordana Jurak<\/strong>, dipl. ing. sig.<\/li>\n\n\n\n<li>dr. sc. <strong>Andreja Juri\u010d<\/strong>, mag. ing. bioproc., znan. sur.<\/li>\n\n\n\n<li>izv. prof. dr. sc. <strong>Irena Keser<\/strong>, dipl. ing. preh. teh.<\/li>\n\n\n\n<li>dr. sc. <strong>Jelena Kova\u010di\u0107<\/strong>, mag. math., vi\u0161i znan. sur.<\/li>\n\n\n\n<li>dr. sc. <strong>Sa\u0161a Kralik Ogui\u0107<\/strong>, spec. med. biokem.<\/li>\n\n\n\n<li><strong>Bernarda Krni\u0107<\/strong>, dr. med., spec. \u0161kolske medicine<\/li>\n\n\n\n<li>prim. dr. sc. <strong>Jelena Macan<\/strong>, dr. med., spec. medicine rada i sporta, znan. savj. u tr. zv.<\/li>\n\n\n\n<li><strong>Marija Macan<\/strong>, mag. med. lab. dijag., asistent-doktorand<\/li>\n\n\n\n<li>doc. dr. sc. <strong>Marijana Matek Sari\u0107<\/strong>, dipl. ing. bioteh.<\/li>\n\n\n\n<li>Dr. <strong>Breige McNulty<\/strong>, Lecturer\/Assistant Professor, Ph.D., B.Sc. (Hons) Human Nutrition<\/li>\n\n\n\n<li>Dr. <strong>Brendan Murray<\/strong>, B.Sc. (Hons), Ph.D. Biochemistry, M.Sc. (Distinction) Applied Toxicology<\/li>\n\n\n\n<li>doc. dr. sc. <strong>Vera Musil<\/strong>, dr. med., spec. \u0161kolske medicine<\/li>\n\n\n\n<li>Dr.&nbsp; <strong>Anne Nugent<\/strong>, Senior Lecturer, BSc PhD (Nutrition and Immunology), RNutr (Public Health)<\/li>\n\n\n\n<li><strong>Tatjana Petri\u010devi\u0107-Vidovi\u0107<\/strong>, dr. med., spec. \u0161kolske medicine<\/li>\n\n\n\n<li>dr. sc. <strong>Martina Piasek<\/strong>, dr. med., znan. savj. u tr. zv. (u mirovini)<\/li>\n\n\n\n<li><strong>Marija Posavec<\/strong>, dr. med., spec. \u0161kolske medicine<\/li>\n\n\n\n<li>izv. prof. dr. sc. <strong>Snje\u017eana Seku\u0161ak-Gale\u0161ev<\/strong>, prof. psiholog<\/li>\n\n\n\n<li>dr. sc. <strong>Antonija Sulimanec<\/strong>, mag. nutr., znan. sur.<\/li>\n\n\n\n<li><strong>Patricia Tomac<\/strong>. mag. psih., asistent-doktorand<\/li>\n\n\n\n<li>mr. sc. <strong>Rajka Turk<\/strong>, mag. pharm. (u mirovini)<\/li>\n<\/ul>\n\n\n\n<p><strong>Djelatnici Instituta za medicinska istra\u017eivanja i medicinu rada koji su sudjelovali u provo\u0111enju projekta<\/strong>:<\/p>\n\n\n\n<ul class=\"wp-block-list\">\n<li><strong>Silvija Bo\u0161kovi\u0107<\/strong>, bacc. med. tehn., vi\u0161a tehni\u010darka<\/li>\n\n\n\n<li><strong>Adriana Gustovarac<\/strong>,&nbsp; mag. med. lab. dijag.<\/li>\n\n\n\n<li><strong>Marija Kujund\u017ei\u0107<\/strong>, mag. ing. sec., stru\u010dna suradnica u sustavu znanosti<\/li>\n\n\n\n<li><strong>Jagoda Mandi\u0107<\/strong>, med. sestra, tehni\u010dka suradnica<\/li>\n\n\n\n<li><strong>Kre\u0161imir Neki\u0107,<\/strong> kem. tehn., tehni\u010dki suradnik<\/li>\n\n\n\n<li><strong>Franka \u0160aki\u0107<\/strong>, mag. med. tehn., stru\u010dna suradnica u sustavu znanosti<\/li>\n\n\n\n<li><strong>Emin Veledar<\/strong>, mag. pharm.<\/li>\n\n\n\n<li><strong>Monika Vuleti\u0107<\/strong>, mag. med. lab. dijag., vi\u0161a tehni\u010darka<\/li>\n<\/ul>\n\n\n\n<p><strong>Volonteri koji su sudjelovali u provo\u0111enju projekta:<\/strong><\/p>\n\n\n\n<ul class=\"wp-block-list\">\n<li><strong>Tamara Be\u0161eni\u0107<\/strong>, mag. psych.<\/li>\n\n\n\n<li><strong>Milo\u0161 Bjelajac<\/strong>, dipl. in\u017e. metalurgije<\/li>\n\n\n\n<li><strong>Ivona Bukvi\u0107<\/strong>, studentica psihologije<\/li>\n\n\n\n<li><strong>Lea Dereani<\/strong>, studentica psihologije<\/li>\n\n\n\n<li><strong>Marija Magdalena \u0160amal<\/strong>, mag. psych.<\/li>\n\n\n\n<li><strong>Marko \u0160antek<\/strong>, dipl. oec.<\/li>\n<\/ul>\n\n\n\n<p><\/p>\n","protected":false},"excerpt":{"rendered":"<p>Napomena: Projekt je zavr\u0161en 25. o\u017eujka 2025. Diseminacija rezultata projekta je u tijeku. Sa\u017eetak projekta: Epidemiolo\u0161ka istra\u017eivanja i pokusi na \u017eivotinjama upu\u0107uju na mogu\u0107e \u0161tetne u\u010dinke piretroidnih (PYR) i organofosfatnih (OP) insekticida na razvoj mozga i spolni razvoj u djece, \u010dak i pri vrlo niskim razinama izlo\u017eenosti. Me\u0111utim, mogu\u0107a povezanost izlo\u017eenosti pesticidima s navedenim zdravstvenim &hellip; <a href=\"https:\/\/pyropech.imi.hr\/index.php\/hr\/o-projektu\/\" class=\"more-link\">Continue reading <span class=\"screen-reader-text\">O projektu<\/span><\/a><\/p>\n","protected":false},"author":1,"featured_media":333,"parent":0,"menu_order":0,"comment_status":"closed","ping_status":"closed","template":"","meta":{"footnotes":""},"tags":[],"class_list":["post-41","page","type-page","status-publish","has-post-thumbnail","hentry"],"jetpack_sharing_enabled":true,"_links":{"self":[{"href":"https:\/\/pyropech.imi.hr\/index.php\/wp-json\/wp\/v2\/pages\/41","targetHints":{"allow":["GET"]}}],"collection":[{"href":"https:\/\/pyropech.imi.hr\/index.php\/wp-json\/wp\/v2\/pages"}],"about":[{"href":"https:\/\/pyropech.imi.hr\/index.php\/wp-json\/wp\/v2\/types\/page"}],"author":[{"embeddable":true,"href":"https:\/\/pyropech.imi.hr\/index.php\/wp-json\/wp\/v2\/users\/1"}],"replies":[{"embeddable":true,"href":"https:\/\/pyropech.imi.hr\/index.php\/wp-json\/wp\/v2\/comments?post=41"}],"version-history":[{"count":17,"href":"https:\/\/pyropech.imi.hr\/index.php\/wp-json\/wp\/v2\/pages\/41\/revisions"}],"predecessor-version":[{"id":473,"href":"https:\/\/pyropech.imi.hr\/index.php\/wp-json\/wp\/v2\/pages\/41\/revisions\/473"}],"wp:featuredmedia":[{"embeddable":true,"href":"https:\/\/pyropech.imi.hr\/index.php\/wp-json\/wp\/v2\/media\/333"}],"wp:attachment":[{"href":"https:\/\/pyropech.imi.hr\/index.php\/wp-json\/wp\/v2\/media?parent=41"}],"wp:term":[{"taxonomy":"post_tag","embeddable":true,"href":"https:\/\/pyropech.imi.hr\/index.php\/wp-json\/wp\/v2\/tags?post=41"}],"curies":[{"name":"wp","href":"https:\/\/api.w.org\/{rel}","templated":true}]}}