{"id":290,"date":"2026-02-12T21:15:33","date_gmt":"2026-02-12T21:15:33","guid":{"rendered":"https:\/\/pyropech.imi.hr\/?page_id=290"},"modified":"2026-05-05T12:14:33","modified_gmt":"2026-05-05T12:14:33","slug":"publications","status":"publish","type":"page","link":"https:\/\/pyropech.imi.hr\/index.php\/publications\/","title":{"rendered":"Publications"},"content":{"rendered":"\n<ul class=\"wp-block-list\">\n<li><a href=\"#papers\">Scientific papers<\/a><\/li>\n\n\n\n<li><a href=\"#conferences\">Conference abstracts<\/a><\/li>\n\n\n\n<li><a href=\"#dissertations\">Dissertations and theses<\/a><\/li>\n\n\n\n<li><a href=\"#edu_leaflets\">Educational leaflets<\/a><\/li>\n\n\n\n<li><a href=\"#promo_mat\">Promotional materials<\/a><\/li>\n<\/ul>\n\n\n\n<p id=\"papers\"><strong>Scientific papers<\/strong>:<\/p>\n\n\n\n<ol class=\"wp-block-list\">\n<li>Macan M, Sulimanec A, Kova\u010di\u0107 J, Keser I, McNulty B, Nugent A, Babi\u0107 \u017d, Pavli\u0107 M, Sokoli\u0107 D, Tomac P, Ko\u0161\u0107ec Bjelajac A, Varnai VM. Design and Reproducibility of Food Propensity Questionnaire for Characterizing Intake of Pyrethroid and Organophosphate Insecticides in Adolescents. Children. 2026;13(3):320. <a href=\"https:\/\/doi.org\/10.3390\/children13030320\">https:\/\/doi.org\/10.3390\/children13030320<\/a><\/li>\n\n\n\n<li>Sulimanec A, Macan M, Kova\u010di\u0107, J Breige McNulty B, Nugent A, Pavli\u0107 M, Sokoli\u0107 D, Garvey J, Juri\u010d A, Keser I, Matek Sari\u0107 M, Murray B, Babi\u0107 \u017d, Varnai VM. Dietary Exposure Assessment to Pesticides in Croatian School-Children\u2014The Methodology of the Zagreb Region Total Diet Study. Expo Health 2025; 17, 55\u201380. <a href=\"https:\/\/doi.org\/10.1007\/s12403-024-00646-4\">https:\/\/doi.org\/10.1007\/s12403-024-00646-4<\/a><\/li>\n\n\n\n<li>Tomac P, Ko\u0161\u0107ec Bjelajac A, Hromatko I, Varnai VM. Effects of exposure to insecticides on sleep and neurobehavioural functioning in puberty and adolescence: a scoping review. Arh. Hig. Rada Toksikol. 2025;76(3):159-182. <a href=\"https:\/\/doi.org\/10.2478\/aiht-2025-76-4020\">https:\/\/doi.org\/10.2478\/aiht-2025-76-4020<\/a><\/li>\n\n\n\n<li>Sulimanec A, Kova\u010di\u0107 J, Macan M, Pavli\u0107 M, Keser I, Varnai, VM. How can simple household procedures reduce exposure to pesticides from fruits and vegetables: current habits and recommendations. Arh. Hig. Rada Toksikol. 2025;76(2):124-128. <a href=\"https:\/\/doi.org\/10.2478\/aiht-2025-76-3984\">https:\/\/doi.org\/10.2478\/aiht-2025-76-3984<\/a><\/li>\n<\/ol>\n\n\n\n<p id=\"conferences\"><strong>Conference abstracts:<\/strong><\/p>\n\n\n\n<ol class=\"wp-block-list\">\n<li>Ko\u0161\u0107ec Bjelajac A, Tomac P, Bo\u0161kovi\u0107 S, \u0160aki\u0107 F, Delale EA, Sulimanec A. Odnos izlo\u017eenosti ekranima prije spavanja s karakteristikama spavanja i mentalnim zdravljem dje\u010daka na po\u010detku puberteta [The relationship between screen exposure before bedtime with sleep characteristics and mental health in boys at the beginning of puberty]. Zbornik sa\u017eetaka 4. KOKOSS konferencije &#8220;Digitalno dob\u0430 \u0456 \u043eblici skrbi u razli\u010ditim kontekstima&#8221;. \u0160ibenik: Hrvatska komora edukacijskih rehabilitatora; Hrvatska psiholo\u0161ka komora; Hrvatska komora psihoterapeuta; Hrvatska komora socijalnih pedagoga; Hrvatska komora socijalnih radnika, 2026. str. 170. <a href=\"https:\/\/kokoss.hr\/wp-content\/uploads\/2026\/02\/KOKOSS-knjigasazetaka-2026-1.pdf\">https:\/\/kokoss.hr\/wp-content\/uploads\/2026\/02\/KOKOSS-knjigasazetaka-2026-1.pdf<\/a><\/li>\n\n\n\n<li>Gustovarac A, Juri\u010d A, Macan M, Kova\u010di\u0107 J, Babi\u0107 \u017d, Varnai VM. Monitoring pyrethroid metabolites in school children \u2013 preliminary data from the PyrOPECh project. Abstracts of the 7th International Congress of the Croatian Society of Toxicology, CROTOX 2025; Rab, Croatia 2025. Arh Hig Rada Toksikol 2025:76 (Suppl1):106. <a href=\"https:\/\/hrcak.srce.hr\/en\/clanak\/486378\">https:\/\/hrcak.srce.hr\/en\/clanak\/486378<\/a><\/li>\n\n\n\n<li>Juri\u010d A, Tariba Lovakovi\u0107 B, Gustovarac A, Macan M, Kova\u010di\u0107 J, Varnai VM. Development of a method for determining organophosphate and pyrethroid metabolites in urine: preliminary results. Abstracts of the 49th FEBS Congress; Istanbul, Turkey 2025. FEBS Open Bio 2025;15:328. <a href=\"https:\/\/febs.onlinelibrary.wiley.com\/doi\/10.1002\/2211-5463.70071\">https:\/\/febs.onlinelibrary.wiley.com\/doi\/10.1002\/2211-5463.70071<\/a><\/li>\n\n\n\n<li>Kova\u010di\u0107 J, Macan M, Juri\u010d A, Gustovarac A, Sulimanec A, Pavli\u0107 M, Mcnulty B, Nugent A, Garvey J, Varnai VM. Dietary exposure to pyrethroid insecticides in Croatian adolescents. Abstracts of the 7th International Congress of the Croatian Society of Toxicology, CROTOX 2025, Rab, Croatia 2025. Arh Hig Rada Toksikol 2025:76(Suppl 1):105. <a href=\"https:\/\/hrcak.srce.hr\/en\/clanak\/486378\">https:\/\/hrcak.srce.hr\/en\/clanak\/486378<\/a><\/li>\n\n\n\n<li>Macan M, Kova\u010di\u0107 J, Juri\u010d A, Gustovarac A, Kralik Ogui\u0107 S, Sulimanec A, Pavli\u0107 M, Sokoli\u0107 D, Garvey J, Varnai VM.&nbsp; Association of dietary exposure to pyrethroid and organophosphate insecticides with gonadotropins, testosterone, and dehydroepiandrosterone sulphate in primary school boys. Abstracts of the 7th International Congress of the Croatian Society of Toxicology, CROTOX 2025; Rab, Croatia 2025. Arh Hig Rada Toksikol 2025:76(Suppl 1):41. <a href=\"https:\/\/hrcak.srce.hr\/en\/clanak\/486378\">https:\/\/hrcak.srce.hr\/en\/clanak\/486378<\/a><\/li>\n\n\n\n<li>Sulimanec A, Macan M, Juri\u010d A, Gustovarac A, Garvey J, Kova\u010di\u0107 J, Varnai VM. From market to table: fungicide residues in total diet samples in the Zagreb region. Abstracts of the 7th International Congress of the Croatian Society of Toxicology, CROTOX 2025; Rab, Croatia 2025. Arh Hig Rada Toksikol 2025: 76(Suppl 1):40. <a href=\"https:\/\/hrcak.srce.hr\/en\/clanak\/486378\">https:\/\/hrcak.srce.hr\/en\/clanak\/486378<\/a><\/li>\n\n\n\n<li>Sulimanec A, Kova\u010di\u0107 J, Macan M, Tomac P, \u0160aki\u0107 F, Keser I, Jergovi\u0107 M, Krni\u0107 B, Musil V, Petri\u010devi\u0107 Vidovi\u0107 T, Posavec M, Varnai VM. Body mass index and puberty onset in Croatian boys. 11th International Congress of Food Technologists, Biotechnologists and Nutritionists; Zagreb, Croatia 2025. Book of Abstracts p. 134. <a href=\"https:\/\/pbn2025congress.pbf.hr\/wp-content\/uploads\/2025\/12\/Book-of-Abstracts-of-the-11th-International-Congress-of-Food-Technologists-Biotechnologists-and-Nutritionists.pdf\">https:\/\/pbn2025congress.pbf.hr\/wp-content\/uploads\/2025\/12\/Book-of-Abstracts-of-the-11th-International-Congress-of-Food-Technologists-Biotechnologists-and-Nutritionists.pdf<\/a><\/li>\n\n\n\n<li>Tomac P, Ko\u0161\u0107ec Bjelajac A, Delale EA, Macan M, Kova\u010di\u0107 J, Gjergja Jura\u0161ki R, Varnai VM. Effects of dietary exposure to insecticides\u2019 residues on sleep and sleepiness in pubescent boys: preliminary findings from the first wave of the PyrOPECh study. 27. Bujasovi dani psihologije: Book of Abstracts. Zagreb: Filozofski fakultet Sveu\u010dili\u0161ta u Zagrebu, 2025. p. 165. <a href=\"https:\/\/repozitorij.ffzg.unizg.hr\/en\/object\/ffzg:13397\">https:\/\/repozitorij.ffzg.unizg.hr\/en\/object\/ffzg:13397<\/a><\/li>\n\n\n\n<li>Tomac P, Ko\u0161\u0107ec Bjelajac A, Hromatko I, Varnai VM. Neuropsychology, toxicology, and human development: neurobehavioral effects of insecticide exposure during puberty and adolescence. Abstracts of the 7th International Congress of the Croatian Society of Toxicology, Rab, Croatia 2025. Arh Hig Rada Toksikol 2025;76(Suppl. 1):43. <a href=\"https:\/\/hrcak.srce.hr\/en\/clanak\/486378\">https:\/\/hrcak.srce.hr\/en\/clanak\/486378<\/a><\/li>\n\n\n\n<li>Macan M, Garvey J, Juri\u010d A, Sulimanec A, Kova\u010di\u0107 J, Varnai VM. Pesticide residues in food of animal origin sampled in the Total Diet Study \u2013 Zagreb region \u2013 preliminary results. EPRW2024 \u2013 15th European Pesticide Residue Workshop; Z\u00fcrich, Switzerland 2024. Book of Abstracts p. 220\u20131. <a href=\"https:\/\/www.croris.hr\/crosbi\/publikacija\/prilog-skup\/724290\">https:\/\/www.croris.hr\/crosbi\/publikacija\/prilog-skup\/724290<\/a><\/li>\n\n\n\n<li>Ko\u0161\u0107ec Bjelajac A, Tomac P, Rado\u0161evi\u0107-Vida\u010dek B, Varnai VM. Generational changes in sleep of pubescent boys on a weekly rotating morning and afternoon school schedule. Abstracts of the 27th Conference of the European Sleep Research Society; Seville, Spain 2024. J Sleep Res 2024;33(Suppl 1):571. <a href=\"https:\/\/onlinelibrary.wiley.com\/doi\/full\/10.1111\/jsr.14291\">https:\/\/onlinelibrary.wiley.com\/doi\/full\/10.1111\/jsr.14291<\/a><\/li>\n\n\n\n<li>Ko\u0161\u0107ec Bjelajac A, Tomac P, Delale EA, Macan M, Petri\u010devi\u0107 Vidovi\u0107 T, Posavec M, \u0160amal MM, Babi\u0107 \u017d, Varnai VM. Indirektna uloga kronotipa u internaliziranim i eksternaliziranim te\u0161ko\u0107ama kod dje\u010daka u pubertetu [The indirect role of chronotype in internalizing and externalizing difficulties in pubertal boys]. XXIV. dani psihologije u Zadru; Zadar, Croatia 2024. Book of Abstracts p. 215. <a href=\"https:\/\/psihologija.unizd.hr\/Portals\/12\/XXIV%20Dani%20psihologije%20u%20Zadru%20-%20KNJIGA%20SA%C5%BDETAKA.pdf?ver=u2GJwY0FTLGpKZ7ngDiWbA%3D%3D\">https:\/\/psihologija.unizd.hr\/Portals\/12\/XXIV%20Dani%20psihologije%20u%20Zadru%20-%20KNJIGA%20SA%C5%BDETAKA.pdf?ver=u2GJwY0FTLGpKZ7ngDiWbA%3D%3D<\/a><\/li>\n\n\n\n<li>Tomac P, Ko\u0161\u0107ec Bjelajac A, Macan M, Delale EA, Gjergja Jura\u0161ki R, Babi\u0107 \u017d, Varnai VM. On-and-off sleep restriction: Impact of rotating school schedules on sleep and cognitive functioning in pubescent boys. Abstracts of the 27th Conference of the European Sleep Research Society; Seville, Spain 2024. J Sleep Res 2024;33(S1):574. <a href=\"https:\/\/onlinelibrary.wiley.com\/doi\/full\/10.1111\/jsr.14291\">https:\/\/onlinelibrary.wiley.com\/doi\/full\/10.1111\/jsr.14291<\/a><\/li>\n\n\n\n<li>Tomac P, Ko\u0161\u0107ec Bjelajac A, Macan M, Delale EA, \u0160amal MM, Kralik Ogui\u0107 S, Krni\u0107 B, Musil V, Babi\u0107 \u017d, Varnai VM. Pubertalni status i kronotip: u\u010dinak kronotipa na izvedbu u testu usmjerene pa\u017enje kod dje\u010daka u pubertetu [Pubertal status and chronotype: effect of chronotype on performance in the sustained attention test in pubertal boys]. XXIV. dani psihologije u Zadru; Zadar, Croatia 2024. Book of Abstracts p. 150. <a href=\"https:\/\/psihologija.unizd.hr\/Portals\/12\/XXIV%20Dani%20psihologije%20u%20Zadru%20-%20KNJIGA%20SA%C5%BDETAKA.pdf?ver=u2GJwY0FTLGpKZ7ngDiWbA%3D%3D\">https:\/\/psihologija.unizd.hr\/Portals\/12\/XXIV%20Dani%20psihologije%20u%20Zadru%20-%20KNJIGA%20SA%C5%BDETAKA.pdf?ver=u2GJwY0FTLGpKZ7ngDiWbA%3D%3D<\/a><\/li>\n\n\n\n<li>Macan M, Juri\u010d A, Sulimanec A, Garvey J, Varnai VM. Insecticide residues in food samples from the Total Diet Study \u2013 Zagreb region: preliminary results. Abstracts of the International Symposium on Environmental and Molecular Toxicology of Chemicals ToxChem2023; Zagreb, Croatia 2023. Arh Hig Rada Toksikol 2023:74(4):A72. <a href=\"https:\/\/hrcak.srce.hr\/en\/311434\">https:\/\/hrcak.srce.hr\/en\/311434<\/a><\/li>\n\n\n\n<li>Tomac P, Ko\u0161\u0107ec Bjelajac A, Bobi\u0107 J, Macan J, Kova\u010di\u0107 J, Varnai VM. Spavanje i neuropsiholo\u0161ko funkcioniranje u kontekstu kroni\u010dne izlo\u017eenosti niskim razinama neurotoksi\u010dnih insekticida tijekom puberteta: metodologija istra\u017eivanja [Sleep and neuropsychological functioning in the context of chronic exposure to low doses of neurotoxic insecticides during puberty: research methodology]. 26. Dani Ramira i Zorana Bujasa: me\u0111unarodni psihologijski znanstveni skup; Zagreb, Croatia 2023. Book of Abstracts p. 147. <a href=\"https:\/\/repozitorij.ffzg.unizg.hr\/object\/ffzg:9763\">https:\/\/repozitorij.ffzg.unizg.hr\/object\/ffzg:9763<\/a><\/li>\n\n\n\n<li>Tomac P, Ko\u0161\u0107ec Bjelajac A, Delale EA, Macan M, \u0160amal MMm, Gjergja Jura\u0161ki R, Varnai VM. U\u010dinak organizacije nastave na karakteristike spavanja i neurobihevioralno funkcioniranje dje\u010daka u pubertetu [The effect of organization of school start time on sleep characteristics and neurobehavioral functioning in pubescent boys]. 4th International Scientific Conferenceof the University Department of Psychology, Catholic University of Croatia &#8211; Changing Life Circumstances: Opportunity for Individual and Community Growth. Zagreb, Croatia 2023. Book of Abstracts p. 130. <a href=\"https:\/\/www.croris.hr\/crosbi\/publikacija\/prilog-skup\/810851\">https:\/\/www.croris.hr\/crosbi\/publikacija\/prilog-skup\/810851<\/a><\/li>\n\n\n\n<li>Varnai VM, Bjelajac A, Macan J, Kova\u010di\u0107 J, Cvijeti\u0107 Avdagi\u0107 S, Babi\u0107 \u017d, Tomac P, Macan M. PyrOPECh project \u2013 risk assessment for adverse effects of dietary pesticide exposure on neuropsychological and sexual development in pubertal boys. Abstracts of the International Symposium on Environmental and Molecular Toxicology of Chemicals ToxChem2023; Zagreb, Croatia 2023. Arh Hig Rada Toksikol 2023:74(4):A71. <a href=\"https:\/\/hrcak.srce.hr\/en\/311434\">https:\/\/hrcak.srce.hr\/en\/311434<\/a><\/li>\n\n\n\n<li>Kova\u010di\u0107 J, Macan M, Garvey J, Juri\u010d A, Sulimanec Grgec A, Saboli\u0107 I, Macan J, Murray B, Varnai VM. Dietary exposure to organophosphate insecticides in Croatian adolescents &#8211; preliminary results of the Zagreb region Total Diet Study. 14th European Pesticide Residue Workshop; Bologna, Italy 2022. Book of Abstracts p. 247-8. <a href=\"https:\/\/www.croris.hr\/crosbi\/publikacija\/prilog-skup\/724292\">https:\/\/www.croris.hr\/crosbi\/publikacija\/prilog-skup\/724292<\/a><\/li>\n\n\n\n<li>Macan M, Garvey J, Martin P, Juri\u010d A, Sulimanec A, Babi\u0107 \u017d, Kova\u010di\u0107 J, Varnai VM. Pesticide residues in fruits and vegetables sampled in the Total Diet Study \u2212 Zagreb region \u2212 preliminary results. 14th European Pesticide Residue Workshop; Bologna, Italy 2022. Book of Abstracts p. 58. <a href=\"https:\/\/www.croris.hr\/crosbi\/publikacija\/prilog-skup\/724290\">https:\/\/www.croris.hr\/crosbi\/publikacija\/prilog-skup\/724290<\/a><\/li>\n\n\n\n<li>Sulimanec Grgec A, Orct T, Kljakovi\u0107-Ga\u0161pi\u0107 Z, Ti\u010dina V, Varnai VM, Piasek M, Jurasovi\u0107 J. Element levels in muscle tissue and body length of European hake from the Adriatic Sea. SAAS22 1. simpozij analiti\u010dke atomske spektrometrije (SAAS22); Zagreb, Croatia 2022. Book of Abstracts p. 43. <a href=\"https:\/\/saas.hkd.hr\/1SAAS-Book_of_Abstracts.pdf\">https:\/\/saas.hkd.hr\/1SAAS-Book_of_Abstracts.pdf<\/a><\/li>\n\n\n\n<li>Varnai VM, Macan M, Juri\u010d A, Sulimanec Grgec A, Kova\u010di\u0107 J, Murray B, Garvey J. Exposure to pyrethroid and organophosphate insecticides in Croatian population \u2212 preliminary results. 4th Croatian Food Safety Risk Assessment Conference with International Participation and the Celebration of World Food Safety Day; Osijek, Croatia 2022. Book of Abstracts p. 57-8. <a href=\"https:\/\/www.hapih.hr\/wp-content\/uploads\/2022\/07\/Zbornik-sazetaka-4.-hrvatska-konferencija-o-procjeni-rizika-porijeklom-iz-hrane.pdf\">https:\/\/www.hapih.hr\/wp-content\/uploads\/2022\/07\/Zbornik-sazetaka-4.-hrvatska-konferencija-o-procjeni-rizika-porijeklom-iz-hrane.pdf<\/a><\/li>\n<\/ol>\n\n\n\n<p id=\"dissertations\"><strong>Dissertations and theses<\/strong>:<\/p>\n\n\n\n<ol class=\"wp-block-list\">\n<li>Macan M. <em>Association of pyrethroid and organophosphate insecticide exposure via food with pubertal development and hormonal status in boys<\/em>. Ph.D. thesis. University of Zagreb, School of Medicine; 2026.<\/li>\n\n\n\n<li>\u017dupani\u0107 J. <em>Assessment of hormonal status in boys by determination of gonadotropins in urine and testosterone in saliva<\/em>. Master\u2019s thesis. University of Zagreb, Faculty of Pharmacy and Biochemistry; 2025. <a href=\"https:\/\/repozitorij.pharma.unizg.hr\/object\/pharma:3675\">https:\/\/repozitorij.pharma.unizg.hr\/object\/pharma:3675<\/a><\/li>\n\n\n\n<li>Maltar A. <em>Association of sociodemographic characteristics of families with the diet quality in primary school-aged boys in the Zagreb region<\/em>. Master\u2019s thesis. University of Zagreb, Faculty of Food Technology and Biotechnology; 2025. <a href=\"https:\/\/urn.nsk.hr\/urn:nbn:hr:159:483146\">https:\/\/urn.nsk.hr\/urn:nbn:hr:159:483146<\/a><\/li>\n\n\n\n<li>Beji\u0107 A. <em>Assessment of diet quality and pesticide residues exposure in food in primary school boys<\/em>. Master\u2019s thesis. University of Zagreb, Faculty of Food Technology and Biotechnology; 2023. <a href=\"https:\/\/urn.nsk.hr\/urn:nbn:hr:159:628699\">https:\/\/urn.nsk.hr\/urn:nbn:hr:159:628699<\/a><\/li>\n\n\n\n<li>Bajan AR. <em>Assessment of energy and nutritional value of meals and pesticide exposure of boys in prepuberty and puberty<\/em>. Master\u2019s thesis. University of Zagreb, Faculty of Food Technology and Biotechnology; 2022. <a href=\"https:\/\/urn.nsk.hr\/urn:nbn:hr:159:971330\">https:\/\/urn.nsk.hr\/urn:nbn:hr:159:971330<\/a><\/li>\n<\/ol>\n\n\n\n<p id=\"edu_leaflets\"><strong>Educational leaflets:<\/strong><\/p>\n\n\n\n<ol class=\"wp-block-list\">\n<li><em>How to catch the rhythm: a recipe for adolescents&#8217; sleep<\/em> [in Croatian]<\/li>\n<\/ol>\n\n\n\n<div class=\"wp-block-file\"><a id=\"wp-block-file--media-3a5d002b-b450-4986-8617-a4eb4a3afc08\" href=\"http:\/\/pyropech.imi.hr\/wp-content\/uploads\/2026\/02\/Spavanje_adolescenata_PyrOPECH_2026_MOB.pdf\"><strong>Mobile\/web version:<\/strong><\/a><a href=\"http:\/\/pyropech.imi.hr\/wp-content\/uploads\/2026\/02\/Spavanje_adolescenata_PyrOPECH_2026_MOB.pdf\" class=\"wp-block-file__button wp-element-button\" download aria-describedby=\"wp-block-file--media-3a5d002b-b450-4986-8617-a4eb4a3afc08\">Download<\/a><\/div>\n\n\n\n<div class=\"wp-block-file\"><a id=\"wp-block-file--media-c2b6f1cd-304e-462b-9957-a3d8a9631869\" href=\"http:\/\/pyropech.imi.hr\/wp-content\/uploads\/2026\/02\/Spavanje_adolescenata_PyrOPECH_2026_PRINT.pdf\"><strong>Print version:<\/strong><\/a><a href=\"http:\/\/pyropech.imi.hr\/wp-content\/uploads\/2026\/02\/Spavanje_adolescenata_PyrOPECH_2026_PRINT.pdf\" class=\"wp-block-file__button wp-element-button\" download aria-describedby=\"wp-block-file--media-c2b6f1cd-304e-462b-9957-a3d8a9631869\">Download<\/a><\/div>\n\n\n\n<div style=\"height:40px\" aria-hidden=\"true\" class=\"wp-block-spacer\"><\/div>\n\n\n\n<p>2. <em>Advice for food preparation to reduce dietary intake of pesticide residues<\/em> [in Croatian]<\/p>\n\n\n\n<div class=\"wp-block-file\"><a id=\"wp-block-file--media-2459f928-0343-4dcd-a1a3-b667341c69c7\" href=\"http:\/\/pyropech.imi.hr\/wp-content\/uploads\/2026\/02\/Letak_PYROPECH_final.pdf\"><strong>Mobile\/web and print version<\/strong>:<\/a><a href=\"http:\/\/pyropech.imi.hr\/wp-content\/uploads\/2026\/02\/Letak_PYROPECH_final.pdf\" class=\"wp-block-file__button wp-element-button\" download aria-describedby=\"wp-block-file--media-2459f928-0343-4dcd-a1a3-b667341c69c7\">Download<\/a><\/div>\n\n\n\n<div style=\"height:40px\" aria-hidden=\"true\" class=\"wp-block-spacer\"><\/div>\n\n\n\n<p>3. <em>Dietary recommendations for adolescents<\/em> [in Croatian]<\/p>\n\n\n\n<div class=\"wp-block-file\"><a id=\"wp-block-file--media-7b2f4e8a-eef9-4ae0-925c-d54402b00c15\" href=\"http:\/\/pyropech.imi.hr\/wp-content\/uploads\/2026\/03\/Letak_prehrana_PyrOPECH.pdf\"><strong>Mobile\/web and print version:<\/strong><\/a><a href=\"http:\/\/pyropech.imi.hr\/wp-content\/uploads\/2026\/03\/Letak_prehrana_PyrOPECH.pdf\" class=\"wp-block-file__button wp-element-button\" download aria-describedby=\"wp-block-file--media-7b2f4e8a-eef9-4ae0-925c-d54402b00c15\">Download<\/a><\/div>\n\n\n\n<div style=\"height:40px\" aria-hidden=\"true\" class=\"wp-block-spacer\"><\/div>\n\n\n\n<p id=\"promo_mat\"><strong>Promotional materials:<\/strong><\/p>\n\n\n\n<ol class=\"wp-block-list\">\n<li>PyrOPECh promotional video [in Croatian]:<\/li>\n<\/ol>\n\n\n\n<figure class=\"wp-block-video\"><video height=\"1080\" style=\"aspect-ratio: 1920 \/ 1080;\" width=\"1920\" controls src=\"http:\/\/pyropech.imi.hr\/wp-content\/uploads\/2026\/02\/PYROPECH_VIDEO.mp4\"><\/video><\/figure>\n\n\n\n<div style=\"height:40px\" aria-hidden=\"true\" class=\"wp-block-spacer\"><\/div>\n\n\n\n<p>2. Information leaflet &#8211; call for participation for parents and children [in Croatian]<\/p>\n\n\n\n<div class=\"wp-block-file\"><a id=\"wp-block-file--media-217fbaea-8eb9-45d0-ae9c-330ef6d8369b\" href=\"https:\/\/pyropech.imi.hr\/wp-content\/uploads\/2026\/02\/PyrOPECh_letak-digitalni.pdf\"><strong>PyrOPECh &#8211; information leaflet<\/strong><\/a><a href=\"https:\/\/pyropech.imi.hr\/wp-content\/uploads\/2026\/02\/PyrOPECh_letak-digitalni.pdf\" class=\"wp-block-file__button wp-element-button\" download aria-describedby=\"wp-block-file--media-217fbaea-8eb9-45d0-ae9c-330ef6d8369b\">Download<\/a><\/div>\n\n\n\n<p><\/p>\n","protected":false},"excerpt":{"rendered":"<p>Scientific papers: Conference abstracts: Dissertations and theses: Educational leaflets: 2. Advice for food preparation to reduce dietary intake of pesticide residues [in Croatian] 3. Dietary recommendations for adolescents [in Croatian] Promotional materials: 2. Information leaflet &#8211; call for participation for parents and children [in Croatian]<\/p>\n","protected":false},"author":1,"featured_media":324,"parent":0,"menu_order":0,"comment_status":"closed","ping_status":"closed","template":"","meta":{"footnotes":""},"tags":[],"class_list":["post-290","page","type-page","status-publish","has-post-thumbnail","hentry"],"jetpack_sharing_enabled":true,"_links":{"self":[{"href":"https:\/\/pyropech.imi.hr\/index.php\/wp-json\/wp\/v2\/pages\/290","targetHints":{"allow":["GET"]}}],"collection":[{"href":"https:\/\/pyropech.imi.hr\/index.php\/wp-json\/wp\/v2\/pages"}],"about":[{"href":"https:\/\/pyropech.imi.hr\/index.php\/wp-json\/wp\/v2\/types\/page"}],"author":[{"embeddable":true,"href":"https:\/\/pyropech.imi.hr\/index.php\/wp-json\/wp\/v2\/users\/1"}],"replies":[{"embeddable":true,"href":"https:\/\/pyropech.imi.hr\/index.php\/wp-json\/wp\/v2\/comments?post=290"}],"version-history":[{"count":17,"href":"https:\/\/pyropech.imi.hr\/index.php\/wp-json\/wp\/v2\/pages\/290\/revisions"}],"predecessor-version":[{"id":484,"href":"https:\/\/pyropech.imi.hr\/index.php\/wp-json\/wp\/v2\/pages\/290\/revisions\/484"}],"wp:featuredmedia":[{"embeddable":true,"href":"https:\/\/pyropech.imi.hr\/index.php\/wp-json\/wp\/v2\/media\/324"}],"wp:attachment":[{"href":"https:\/\/pyropech.imi.hr\/index.php\/wp-json\/wp\/v2\/media?parent=290"}],"wp:term":[{"taxonomy":"post_tag","embeddable":true,"href":"https:\/\/pyropech.imi.hr\/index.php\/wp-json\/wp\/v2\/tags?post=290"}],"curies":[{"name":"wp","href":"https:\/\/api.w.org\/{rel}","templated":true}]}}