{"id":223,"date":"2026-02-06T14:47:37","date_gmt":"2026-02-06T14:47:37","guid":{"rendered":"https:\/\/pyropech.imi.hr\/?page_id=223"},"modified":"2026-03-17T09:57:56","modified_gmt":"2026-03-17T09:57:56","slug":"publikacije","status":"publish","type":"page","link":"https:\/\/pyropech.imi.hr\/index.php\/hr\/publikacije\/","title":{"rendered":"Publikacije"},"content":{"rendered":"\n<ul class=\"wp-block-list\">\n<li><a href=\"#radovi\">Znanstveni radovi<\/a><\/li>\n\n\n\n<li><a href=\"#kongresi\" data-type=\"internal\" data-id=\"#kongresi\">Kongresna priop\u0107enja<\/a><\/li>\n\n\n\n<li><a href=\"#disertacije\">Diplomski radovi i doktorske disertacije<\/a><\/li>\n\n\n\n<li><a href=\"#brosure\" data-type=\"internal\" data-id=\"#brosure\">Edukativne bro\u0161ure<\/a><\/li>\n\n\n\n<li><a href=\"#promo\">Promotivni materijali<\/a><\/li>\n<\/ul>\n\n\n\n<p id=\"radovi\"><strong>Znanstveni radovi<\/strong>:<\/p>\n\n\n\n<ol class=\"wp-block-list\">\n<li>Macan M, Sulimanec A, Kova\u010di\u0107 J, Keser I, McNulty B, Nugent A, Babi\u0107 \u017d, Pavli\u0107 M, Sokoli\u0107 D, Tomac P, Ko\u0161\u0107ec Bjelajac A, Varnai VM. Design and Reproducibility of Food Propensity Questionnaire for Characterizing Intake of Pyrethroid and Organophosphate Insecticides in Adolescents. Children. 2026;13(3):320. <a href=\"https:\/\/doi.org\/10.3390\/children13030320\">https:\/\/doi.org\/10.3390\/children13030320<\/a><\/li>\n\n\n\n<li>Sulimanec A, Macan M, Kova\u010di\u0107, J Breige McNulty B, Nugent A, Pavli\u0107 M, Sokoli\u0107 D, Garvey J, Juri\u010d A, Keser I, Matek Sari\u0107 M, Murray B, Babi\u0107 \u017d, Varnai VM. Dietary Exposure Assessment to Pesticides in Croatian School-Children\u2014The Methodology of the Zagreb Region Total Diet Study. Expo Health 2025; 17, 55\u201380. <a href=\"https:\/\/doi.org\/10.1007\/s12403-024-00646-4\">https:\/\/doi.org\/10.1007\/s12403-024-00646-4<\/a><\/li>\n\n\n\n<li>Tomac P, Ko\u0161\u0107ec Bjelajac A, Hromatko I, Varnai VM. Effects of exposure to insecticides on sleep and neurobehavioural functioning in puberty and adolescence: a scoping review. Arh. Hig. Rada Toksikol. 2025;76(3):159-182. <a href=\"https:\/\/doi.org\/10.2478\/aiht-2025-76-4020\">https:\/\/doi.org\/10.2478\/aiht-2025-76-4020<\/a><\/li>\n\n\n\n<li>Sulimanec A, Kova\u010di\u0107 J, Macan M, Pavli\u0107 M, Keser I, Varnai, VM. How can simple household procedures reduce exposure to pesticides from fruits and vegetables: current habits and recommendations. Arh. Hig. Rada Toksikol. 2025;76(2):124-128. <a href=\"https:\/\/doi.org\/10.2478\/aiht-2025-76-3984\">https:\/\/doi.org\/10.2478\/aiht-2025-76-3984<\/a><\/li>\n<\/ol>\n\n\n\n<p id=\"kongresi\"><strong>Kongresna priop\u0107enja:<\/strong><\/p>\n\n\n\n<ol class=\"wp-block-list\">\n<li>Ko\u0161\u0107ec Bjelajac A, Tomac P, Bo\u0161kovi\u0107 S, \u0160aki\u0107 F, Delale EA, Sulimanec A. Odnos izlo\u017eenosti ekranima prije spavanja s karakteristikama spavanja i mentalnim zdravljem dje\u010daka na po\u010detku puberteta. Zbornik sa\u017eetaka 4. KOKOSS konferencije &#8220;Digitalno dob\u0430 \u0456 \u043eblici skrbi u razli\u010ditim kontekstima&#8221;. \u0160ibenik: Hrvatska komora edukacijskih rehabilitatora; Hrvatska psiholo\u0161ka komora; Hrvatska komora psihoterapeuta; Hrvatska komora socijalnih pedagoga; Hrvatska komora socijalnih radnika, 2026. str. 170. <a href=\"https:\/\/kokoss.hr\/wp-content\/uploads\/2026\/02\/KOKOSS-knjigasazetaka-2026-1.pdf\">https:\/\/kokoss.hr\/wp-content\/uploads\/2026\/02\/KOKOSS-knjigasazetaka-2026-1.pdf<\/a><\/li>\n\n\n\n<li>Gustovarac A, Juri\u010d A, Macan M, Kova\u010di\u0107 J, Babi\u0107 \u017d, Varnai VM. Monitoring pyrethroid metabolites in school children \u2013 preliminary data from the PyrOPECh project. Abstracts of the 7th International Congress of the Croatian Society of Toxicology, CROTOX 2025; Rab, Hrvatska 2025. Arh Hig Rada Toksikol 2025:76 (Suppl1):106. <a href=\"https:\/\/hrcak.srce.hr\/en\/clanak\/486378\">https:\/\/hrcak.srce.hr\/en\/clanak\/486378<\/a><\/li>\n\n\n\n<li>Juri\u010d A, Tariba Lovakovi\u0107 B, Gustovarac A, Macan M, Kova\u010di\u0107 J, Varnai VM. Development of a method for determining organophosphate and pyrethroid metabolites in urine: preliminary results. Abstracts of the 49th FEBS congress; Istanbul, Turska 2025. FEBS Open Bio 2025;15:328. <a href=\"https:\/\/febs.onlinelibrary.wiley.com\/doi\/10.1002\/2211-5463.70071\">https:\/\/febs.onlinelibrary.wiley.com\/doi\/10.1002\/2211-5463.70071<\/a><\/li>\n\n\n\n<li>Kova\u010di\u0107 J, Macan M, Juri\u010d A, Gustovarac A, Sulimanec A, Pavli\u0107 M, Mcnulty B, Nugent A, Garvey J, Varnai VM. Dietary exposure to pyrethroid insecticides in Croatian adolescents. Abstracts of the 7th International Congress of the Croatian Society of Toxicology, CROTOX 2025, Rab, Hrvatska 2025. Arh Hig Rada Toksikol 2025:76(Suppl 1):105. <a href=\"https:\/\/hrcak.srce.hr\/en\/clanak\/486378\">https:\/\/hrcak.srce.hr\/en\/clanak\/486378<\/a><\/li>\n\n\n\n<li>Macan M, Kova\u010di\u0107 J, Juri\u010d A, Gustovarac A, Kralik Ogui\u0107 S, Sulimanec A, Pavli\u0107 M, Sokoli\u0107 D, Garvey J, Varnai VM.&nbsp; Association of dietary exposure to pyrethroid and organophosphate insecticides with gonadotropins, testosterone, and dehydroepiandrosterone sulphate in primary school boys. Abstracts of the 7th International Congress of the Croatian Society of Toxicology, CROTOX 2025; Rab, Hrvatska 2025. Arh Hig Rada Toksikol 2025:76(Suppl 1):41. <a href=\"https:\/\/hrcak.srce.hr\/en\/clanak\/486378\">https:\/\/hrcak.srce.hr\/en\/clanak\/486378<\/a><\/li>\n\n\n\n<li>Sulimanec A, Macan M, Juri\u010d A, Gustovarac A, Garvey J, Kova\u010di\u0107 J, Varnai VM. From market to table: fungicide residues in total diet samples in the Zagreb region. Abstracts of the 7th International Congress of the Croatian Society of Toxicology, CROTOX 2025; Rab, Hrvatska 2025. Arh Hig Rada Toksikol 2025: 76(Suppl 1):40. <a href=\"https:\/\/hrcak.srce.hr\/en\/clanak\/486378\">https:\/\/hrcak.srce.hr\/en\/clanak\/486378<\/a><\/li>\n\n\n\n<li>Sulimanec A, Kova\u010di\u0107 J, Macan M, Tomac P, \u0160aki\u0107 F, Keser I, Jergovi\u0107 M, Krni\u0107 B, Musil V, Petri\u010devi\u0107 Vidovi\u0107 T, Posavec M, Varnai VM. Body mass index and puberty onset in Croatian boys. 11th International Congress of Food Technologists, Biotechnologists and Nutritionists; Zagreb, Hrvatska 2025. Knjiga sa\u017eetaka str. 134. <a href=\"https:\/\/pbn2025congress.pbf.hr\/wp-content\/uploads\/2025\/12\/Book-of-Abstracts-of-the-11th-International-Congress-of-Food-Technologists-Biotechnologists-and-Nutritionists.pdf\">https:\/\/pbn2025congress.pbf.hr\/wp-content\/uploads\/2025\/12\/Book-of-Abstracts-of-the-11th-International-Congress-of-Food-Technologists-Biotechnologists-and-Nutritionists.pdf<\/a><\/li>\n\n\n\n<li>Tomac P, Ko\u0161\u0107ec Bjelajac A, Delale EA, Macan M, Kova\u010di\u0107 J, Gjergja Jura\u0161ki R, Varnai VM. Effects of dietary exposure to insecticides\u2019 residues on sleep and sleepiness in pubescent boys: preliminary findings from the first wave of the PyrOPECh study. 27. Bujasovi dani psihologije: Knjiga sa\u017eetaka. Zagreb: Filozofski fakultet Sveu\u010dili\u0161ta u Zagrebu, 2025. str. 165. <a href=\"https:\/\/repozitorij.ffzg.unizg.hr\/en\/object\/ffzg:13397\">https:\/\/repozitorij.ffzg.unizg.hr\/en\/object\/ffzg:13397<\/a><\/li>\n\n\n\n<li>Tomac P, Ko\u0161\u0107ec Bjelajac A, Hromatko I, Varnai VM. Neuropsychology, toxicology, and human development: neurobehavioral effects of insecticide exposure during puberty and adolescence.&nbsp; Abstracts of the 7th International Congress of the Croatian Society of Toxicology, Rab, Hrvatska 2025. Arh Hig Rada Toksikol 2025;76(Suppl. 1):43. <a href=\"https:\/\/hrcak.srce.hr\/en\/clanak\/486378\">https:\/\/hrcak.srce.hr\/en\/clanak\/486378<\/a><\/li>\n\n\n\n<li>Macan M, Garvey J, Juri\u010d A, Sulimanec A, Kova\u010di\u0107 J, Varnai VM. Pesticide residues in food of animal origin sampled in the Total Diet Study \u2013 Zagreb region \u2013 preliminary results. EPRW2024 \u2013 15 th European Pesticide Residue Workshop; Z\u00fcrich, \u0160vicarska 2024. Book of Abstracts str. 220\u20131. <a href=\"https:\/\/www.croris.hr\/crosbi\/publikacija\/prilog-skup\/724290\">https:\/\/www.croris.hr\/crosbi\/publikacija\/prilog-skup\/724290<\/a><\/li>\n\n\n\n<li>Ko\u0161\u0107ec Bjelajac A, Tomac P, Rado\u0161evi\u0107-Vida\u010dek B, Varnai VM. Generational changes in sleep of pubescent boys on a weekly rotating morning and afternoon school schedule. Abstracts of the 27th Conference of the European Sleep Research Society; Seville, \u0160panjolska 2024. J Sleep Res 2024;33(Suppl 1):571. <a href=\"https:\/\/onlinelibrary.wiley.com\/doi\/full\/10.1111\/jsr.14291\">https:\/\/onlinelibrary.wiley.com\/doi\/full\/10.1111\/jsr.14291<\/a><\/li>\n\n\n\n<li>Ko\u0161\u0107ec Bjelajac A, Tomac P, Delale EA, Macan M, Petri\u010devi\u0107 Vidovi\u0107 T, Posavec M, \u0160amal MM, Babi\u0107 \u017d, Varnai VM. Indirektna uloga kronotipa u internaliziranim i eksternaliziranim te\u0161ko\u0107ama kod dje\u010daka u pubertetu. XXIV. dani psihologije u Zadru; Zadar, Hrvatska 2024. Knjiga sa\u017eetaka str. 215. <a href=\"https:\/\/psihologija.unizd.hr\/Portals\/12\/XXIV%20Dani%20psihologije%20u%20Zadru%20-%20KNJIGA%20SA%C5%BDETAKA.pdf?ver=u2GJwY0FTLGpKZ7ngDiWbA%3D%3D\">https:\/\/psihologija.unizd.hr\/Portals\/12\/XXIV%20Dani%20psihologije%20u%20Zadru%20-%20KNJIGA%20SA%C5%BDETAKA.pdf?ver=u2GJwY0FTLGpKZ7ngDiWbA%3D%3D<\/a><\/li>\n\n\n\n<li>Tomac P, Ko\u0161\u0107ec Bjelajac A, Macan M, Delale EA, Gjergja Jura\u0161ki R, Babi\u0107 \u017d, Varnai VM. On-and-off sleep restriction: Impact of rotating school schedules on sleep and cognitive functioning in pubescent boys. Abstracts of the 27th Conference of the European Sleep Research Society; Seville, \u0160panjolska 2024. J Sleep Res 2024;33(S1):574. <a href=\"https:\/\/onlinelibrary.wiley.com\/doi\/full\/10.1111\/jsr.14291\">https:\/\/onlinelibrary.wiley.com\/doi\/full\/10.1111\/jsr.14291<\/a><\/li>\n\n\n\n<li>Tomac P, Ko\u0161\u0107ec Bjelajac A, Macan M, Delale EA, \u0160amal MM, Kralik Ogui\u0107 S, Krni\u0107 B, Musil V, Babi\u0107 \u017d, Varnai VM. Pubertalni status i kronotip: u\u010dinak kronotipa na izvedbu u testu usmjerene pa\u017enje kod dje\u010daka u pubertetu. XXIV. dani psihologije u Zadru; Zadar, Hrvatska 2024. Knjiga sa\u017eetaka str. 150. <a href=\"https:\/\/psihologija.unizd.hr\/Portals\/12\/XXIV%20Dani%20psihologije%20u%20Zadru%20-%20KNJIGA%20SA%C5%BDETAKA.pdf?ver=u2GJwY0FTLGpKZ7ngDiWbA%3D%3D\">https:\/\/psihologija.unizd.hr\/Portals\/12\/XXIV%20Dani%20psihologije%20u%20Zadru%20-%20KNJIGA%20SA%C5%BDETAKA.pdf?ver=u2GJwY0FTLGpKZ7ngDiWbA%3D%3D<\/a><\/li>\n\n\n\n<li>Macan M, Juri\u010d A, Sulimanec A, Garvey J, Varnai VM. Insecticide residues in food samples from the Total Diet Study \u2013 Zagreb region: preliminary results. Abstracts of the International Symposium on Environmental and Molecular Toxicology of Chemicals ToxChem2023; Zagreb, Hrvatska 2023. Arh Hig Rada Toksikol 2023:74(4):A72. <a href=\"https:\/\/hrcak.srce.hr\/en\/311434\">https:\/\/hrcak.srce.hr\/en\/311434<\/a><\/li>\n\n\n\n<li>Tomac P, Ko\u0161\u0107ec Bjelajac A, Bobi\u0107 J, Macan J, Kova\u010di\u0107 J, Varnai VM. Spavanje i neuropsiholo\u0161ko funkcioniranje u kontekstu kroni\u010dne izlo\u017eenosti niskim razinama neurotoksi\u010dnih insekticida tijekom puberteta: metodologija istra\u017eivanja. 26. Dani Ramira i Zorana Bujasa: me\u0111unarodni psihologijski znanstveni skup; Zagreb, Hrvatska 2023. Knjiga sa\u017eetaka str. 147. <a href=\"https:\/\/repozitorij.ffzg.unizg.hr\/object\/ffzg:9763\">https:\/\/repozitorij.ffzg.unizg.hr\/object\/ffzg:9763<\/a><\/li>\n\n\n\n<li>Tomac P, Ko\u0161\u0107ec Bjelajac A, Delale EA, Macan M, \u0160amal MM, Gjergja Jura\u0161ki R, Varnai VM. U\u010dinak organizacije nastave na karakteristike spavanja i neurobihevioralno funkcioniranje dje\u010daka u pubertetu. 4th International Scientific Conferenceof the University Department of Psychology, Catholic University of Croatia &#8211; Changing Life Circumstances: Opportunity for Individual and Community Growth. Zagreb, Hrvatska 2023. Knjiga sa\u017eetaka str. 130. <a href=\"https:\/\/www.croris.hr\/crosbi\/publikacija\/prilog-skup\/810851\">https:\/\/www.croris.hr\/crosbi\/publikacija\/prilog-skup\/810851<\/a><\/li>\n\n\n\n<li>Varnai VM, Bjelajac A, Macan J, Kova\u010di\u0107 J, Cvijeti\u0107 Avdagi\u0107 S, Babi\u0107 \u017d, Tomac P, Macan M. PyrOPECh project \u2013 risk assessment for adverse effects of dietary pesticide exposure on neuropsychological and sexual development in pubertal boys. Abstracts of the International Symposium on Environmental and Molecular Toxicology of Chemicals ToxChem2023; Zagreb, Hrvatska 2023. Arh Hig Rada Toksikol 2023:74(4):A71. <a href=\"https:\/\/hrcak.srce.hr\/en\/311434\">https:\/\/hrcak.srce.hr\/en\/311434<\/a><\/li>\n\n\n\n<li>Kova\u010di\u0107 J, Macan M, Garvey J, Juri\u010d A, Sulimanec Grgec A, Saboli\u0107 I, Macan J, Murray B, Varnai VM. Dietary exposure to organophosphate insecticides in Croatian adolescents &#8211; preliminary results of the Zagreb region Total Diet Study. 14th European Pesticide Residue Workshop; Bologna, Italija 2022. Knjiga sa\u017eetaka str. 247-8. <a href=\"https:\/\/www.croris.hr\/crosbi\/publikacija\/prilog-skup\/724292\">https:\/\/www.croris.hr\/crosbi\/publikacija\/prilog-skup\/724292<\/a><\/li>\n\n\n\n<li>Macan M, Garvey J, Martin P, Juri\u010d A, Sulimanec A, Babi\u0107 \u017d, Kova\u010di\u0107 J, Varnai VM. Pesticide residues in fruits and vegetables sampled in the Total Diet Study \u2212 Zagreb region \u2212 preliminary results. 14th European Pesticide Residue Workshop; Bologna, Italija 2022. Knjiga sa\u017eetaka str. 58. <a href=\"https:\/\/www.croris.hr\/crosbi\/publikacija\/prilog-skup\/724290\">https:\/\/www.croris.hr\/crosbi\/publikacija\/prilog-skup\/724290<\/a><\/li>\n\n\n\n<li>Sulimanec Grgec A, Orct T, Kljakovi\u0107-Ga\u0161pi\u0107 Z, Ti\u010dina V, Varnai VM, Piasek M, Jurasovi\u0107 J. Element levels in muscle tissue and body length of European hake from the Adriatic Sea. SAAS22 1. simpozij analiti\u010dke atomske spektrometrije (SAAS22); Zagreb, Hrvatska 2022. Knjiga sa\u017eetaka str. 43. <a href=\"https:\/\/saas.hkd.hr\/1SAAS-Book_of_Abstracts.pdf\">https:\/\/saas.hkd.hr\/1SAAS-Book_of_Abstracts.pdf<\/a><\/li>\n\n\n\n<li>Varnai VM, Macan M, Juri\u010d A, Sulimanec Grgec A, Kova\u010di\u0107 J, Murray B, Garvey J. Exposure to pyrethroid and organophosphate insecticides in Croatian population \u2212 preliminary results. 4th Croatian Food Safety Risk Assessment Conference with International Participation and the Celebration of World Food Safety Day; Osijek, Hrvatska 2022. Knjiga sa\u017eetaka str. 57-8. <a href=\"https:\/\/www.hapih.hr\/wp-content\/uploads\/2022\/07\/Zbornik-sazetaka-4.-hrvatska-konferencija-o-procjeni-rizika-porijeklom-iz-hrane.pdf\">https:\/\/www.hapih.hr\/wp-content\/uploads\/2022\/07\/Zbornik-sazetaka-4.-hrvatska-konferencija-o-procjeni-rizika-porijeklom-iz-hrane.pdf<\/a><\/li>\n<\/ol>\n\n\n\n<p id=\"disertacije\"><strong>Diplomski radovi i doktorske disertacije:<\/strong><\/p>\n\n\n\n<ol class=\"wp-block-list\">\n<li>Macan M. <em>Povezanost izlo\u017eenosti piretroidnim i organofosfatnim insekticidima hranom s pubertetskim razvojem i hormonskim statusom u dje\u010daka<\/em>. Doktorska disertacija. Sveu\u010dili\u0161te u Zagrebu, Medicinski fakultet; 2026.<\/li>\n\n\n\n<li>\u017dupani\u0107 J. <em>Procjena hormonskog statusa dje\u010daka odre\u0111ivanjem gonadotropina u urinu i testosterona u slini<\/em>. Diplomski rad. Sveu\u010dili\u0161te u Zagrebu, Farmaceutsko-biokemijski fakultet; 2025. <a href=\"https:\/\/urn.nsk.hr\/urn:nbn:hr:163:068845\">https:\/\/urn.nsk.hr\/urn:nbn:hr:163:068845<\/a><\/li>\n\n\n\n<li>Maltar A. <em>Povezanost sociodemografskih karakteristika obitelji s kakvo\u0107om prehrane u dje\u010daka osnovno\u0161kolske dobi u Zagreba\u010dkoj regiji<\/em>. Diplomski rad. Sveu\u010dili\u0161te u Zagrebu, Prehrambeno-biotehnolo\u0161ki fakultet; 2025. <a href=\"https:\/\/urn.nsk.hr\/urn:nbn:hr:159:483146\">https:\/\/urn.nsk.hr\/urn:nbn:hr:159:483146<\/a><\/li>\n\n\n\n<li>Beji\u0107 A. <em>Procjena kakvo\u0107e prehrane i izlo\u017eenosti ostacima pesticida hranom u dje\u010daka osnovno\u0161kolske dobi<\/em>. Diplomski rad. Sveu\u010dili\u0161te u Zagrebu, Prehrambeno-biotehnolo\u0161ki fakultet; 2023. <a href=\"https:\/\/urn.nsk.hr\/urn:nbn:hr:159:628699\">https:\/\/urn.nsk.hr\/urn:nbn:hr:159:628699<\/a><\/li>\n\n\n\n<li>Bajan AR. <em>Procjena energijske i nutritivne vrijednosti obroka te izlo\u017eenosti pesticidima dje\u010daka u predpubertetu i pubertetu<\/em>. Diplomski rad. Sveu\u010dili\u0161te u Zagrebu, Prehrambeno-biotehnolo\u0161ki fakultet; 2022. <a href=\"https:\/\/urn.nsk.hr\/urn:nbn:hr:159:971330\">https:\/\/urn.nsk.hr\/urn:nbn:hr:159:971330<\/a><\/li>\n<\/ol>\n\n\n\n<p id=\"brosure\"><strong>Edukativne bro\u0161ure<\/strong>:<\/p>\n\n\n\n<ol class=\"wp-block-list\">\n<li><em>Kako uhvatiti dobar ritam: recept za spavanje adolescenata<\/em><\/li>\n<\/ol>\n\n\n\n<div class=\"wp-block-file\"><a id=\"wp-block-file--media-71d8e38b-827b-4b28-87d0-14052e7e769b\" href=\"http:\/\/pyropech.imi.hr\/wp-content\/uploads\/2026\/02\/Spavanje_adolescenata_PyrOPECH_2026_MOB-1.pdf\"><strong>Verzija za preglednik:<\/strong><\/a><a href=\"http:\/\/pyropech.imi.hr\/wp-content\/uploads\/2026\/02\/Spavanje_adolescenata_PyrOPECH_2026_MOB-1.pdf\" class=\"wp-block-file__button wp-element-button\" download aria-describedby=\"wp-block-file--media-71d8e38b-827b-4b28-87d0-14052e7e769b\">Download<\/a><\/div>\n\n\n\n<div class=\"wp-block-file\"><a id=\"wp-block-file--media-dffe2dfd-501b-4457-81e5-c4680b780994\" href=\"http:\/\/pyropech.imi.hr\/wp-content\/uploads\/2026\/02\/Spavanje_adolescenata_PyrOPECH_2026_PRINT-1.pdf\"><strong>Verzija za tisak:<\/strong><\/a><a href=\"http:\/\/pyropech.imi.hr\/wp-content\/uploads\/2026\/02\/Spavanje_adolescenata_PyrOPECH_2026_PRINT-1.pdf\" class=\"wp-block-file__button wp-element-button\" download aria-describedby=\"wp-block-file--media-dffe2dfd-501b-4457-81e5-c4680b780994\">Download<\/a><\/div>\n\n\n\n<div style=\"height:40px\" aria-hidden=\"true\" class=\"wp-block-spacer\"><\/div>\n\n\n\n<p>2. <em>Savjeti o pripremi hrane prije jela ili kuhanja da bi se smanjio unos ostataka pesticida<\/em><\/p>\n\n\n\n<div class=\"wp-block-file\"><a id=\"wp-block-file--media-75b56425-93d9-43a6-8c2e-6ed20bc46d28\" href=\"http:\/\/pyropech.imi.hr\/wp-content\/uploads\/2025\/06\/Letak_PYROPECH_final.pdf\"><strong>Verzija za preglednik\/tisak:<\/strong><\/a><a href=\"http:\/\/pyropech.imi.hr\/wp-content\/uploads\/2025\/06\/Letak_PYROPECH_final.pdf\" class=\"wp-block-file__button wp-element-button\" download aria-describedby=\"wp-block-file--media-75b56425-93d9-43a6-8c2e-6ed20bc46d28\">Download<\/a><\/div>\n\n\n\n<div style=\"height:40px\" aria-hidden=\"true\" class=\"wp-block-spacer\"><\/div>\n\n\n\n<p>3. <em>Poruke iz tanjura \u2013 preporuke o zdravoj prehrani<\/em><\/p>\n\n\n\n<div class=\"wp-block-file\"><a id=\"wp-block-file--media-4a9ccd29-fcbf-43a7-bcbd-6404a5046ed8\" href=\"http:\/\/pyropech.imi.hr\/wp-content\/uploads\/2026\/03\/Letak_prehrana_PyrOPECH-1.pdf\"><strong>Verzija za preglednik\/tisa<\/strong>k:<\/a><a href=\"http:\/\/pyropech.imi.hr\/wp-content\/uploads\/2026\/03\/Letak_prehrana_PyrOPECH-1.pdf\" class=\"wp-block-file__button wp-element-button\" download aria-describedby=\"wp-block-file--media-4a9ccd29-fcbf-43a7-bcbd-6404a5046ed8\">Download<\/a><\/div>\n\n\n\n<div style=\"height:40px\" aria-hidden=\"true\" class=\"wp-block-spacer\"><\/div>\n\n\n\n<p id=\"promo\"><strong>Promotivni materijali:<\/strong><\/p>\n\n\n\n<ol class=\"wp-block-list\">\n<li>Promotivni video<\/li>\n<\/ol>\n\n\n\n<figure class=\"wp-block-video\"><video height=\"1080\" style=\"aspect-ratio: 1920 \/ 1080;\" width=\"1920\" controls src=\"http:\/\/pyropech.imi.hr\/wp-content\/uploads\/2022\/03\/PYROPECH_VIDEO.mp4\"><\/video><\/figure>\n\n\n\n<div style=\"height:40px\" aria-hidden=\"true\" class=\"wp-block-spacer\"><\/div>\n\n\n\n<p>2. Informativni letak &#8211; poziv za sudjelovanje u istra\u017eivanju<\/p>\n\n\n\n<div class=\"wp-block-file\"><a id=\"wp-block-file--media-05552b2c-dee8-43be-a8c7-a84c6f0a4dac\" href=\"http:\/\/pyropech.imi.hr\/wp-content\/uploads\/2022\/04\/PyrOPECh_letak.pdf\"><strong>PyrOPECh &#8211; letak<\/strong><\/a><a href=\"http:\/\/pyropech.imi.hr\/wp-content\/uploads\/2022\/04\/PyrOPECh_letak.pdf\" class=\"wp-block-file__button wp-element-button\" download aria-describedby=\"wp-block-file--media-05552b2c-dee8-43be-a8c7-a84c6f0a4dac\">Download<\/a><\/div>\n\n\n\n<p><\/p>\n","protected":false},"excerpt":{"rendered":"<p>Znanstveni radovi: Kongresna priop\u0107enja: Diplomski radovi i doktorske disertacije: Edukativne bro\u0161ure: 2. Savjeti o pripremi hrane prije jela ili kuhanja da bi se smanjio unos ostataka pesticida 3. Poruke iz tanjura \u2013 preporuke o zdravoj prehrani Promotivni materijali: 2. Informativni letak &#8211; poziv za sudjelovanje u istra\u017eivanju<\/p>\n","protected":false},"author":1,"featured_media":333,"parent":0,"menu_order":0,"comment_status":"closed","ping_status":"closed","template":"","meta":{"footnotes":""},"tags":[],"class_list":["post-223","page","type-page","status-publish","has-post-thumbnail","hentry"],"jetpack_sharing_enabled":true,"_links":{"self":[{"href":"https:\/\/pyropech.imi.hr\/index.php\/wp-json\/wp\/v2\/pages\/223","targetHints":{"allow":["GET"]}}],"collection":[{"href":"https:\/\/pyropech.imi.hr\/index.php\/wp-json\/wp\/v2\/pages"}],"about":[{"href":"https:\/\/pyropech.imi.hr\/index.php\/wp-json\/wp\/v2\/types\/page"}],"author":[{"embeddable":true,"href":"https:\/\/pyropech.imi.hr\/index.php\/wp-json\/wp\/v2\/users\/1"}],"replies":[{"embeddable":true,"href":"https:\/\/pyropech.imi.hr\/index.php\/wp-json\/wp\/v2\/comments?post=223"}],"version-history":[{"count":25,"href":"https:\/\/pyropech.imi.hr\/index.php\/wp-json\/wp\/v2\/pages\/223\/revisions"}],"predecessor-version":[{"id":479,"href":"https:\/\/pyropech.imi.hr\/index.php\/wp-json\/wp\/v2\/pages\/223\/revisions\/479"}],"wp:featuredmedia":[{"embeddable":true,"href":"https:\/\/pyropech.imi.hr\/index.php\/wp-json\/wp\/v2\/media\/333"}],"wp:attachment":[{"href":"https:\/\/pyropech.imi.hr\/index.php\/wp-json\/wp\/v2\/media?parent=223"}],"wp:term":[{"taxonomy":"post_tag","embeddable":true,"href":"https:\/\/pyropech.imi.hr\/index.php\/wp-json\/wp\/v2\/tags?post=223"}],"curies":[{"name":"wp","href":"https:\/\/api.w.org\/{rel}","templated":true}]}}