{"id":151,"date":"2023-06-05T11:39:25","date_gmt":"2023-06-05T11:39:25","guid":{"rendered":"http:\/\/pyropech.imi.hr\/?page_id=151"},"modified":"2026-02-15T00:09:06","modified_gmt":"2026-02-15T00:09:06","slug":"softver","status":"publish","type":"page","link":"https:\/\/pyropech.imi.hr\/index.php\/hr\/softver\/","title":{"rendered":"Softver"},"content":{"rendered":"\n<p>Softverski kod (&#8220;<em>do-file<\/em>&#8221; za softver <em>STATA<\/em>) kori\u0161ten u radu Sulimanec i sur. iz 2025 (<a href=\"https:\/\/doi.org\/10.1007\/s12403-024-00646-4\">https:\/\/doi.org\/10.1007\/s12403-024-00646-4<\/a>). Softverski kod je kori\u0161ten za izra\u010dun kumulativnih postotaka konzumacije unutar svake L1 kategorije koriste\u0107i bazu EFSA <em>Comprehensive European Food Consumption Database<\/em> (<a href=\"https:\/\/www.efsa.europa.eu\/en\/data-report\/food-consumption-data\">https:\/\/www.efsa.europa.eu\/en\/data-report\/food-consumption-data<\/a>):<\/p>\n\n\n\n<div class=\"wp-block-file\"><a href=\"http:\/\/pyropech.imi.hr\/wp-content\/uploads\/2023\/06\/STATA_code_TDS.txt\">STATA_code_TDS<\/a><a href=\"http:\/\/pyropech.imi.hr\/wp-content\/uploads\/2023\/06\/STATA_code_TDS.txt\" class=\"wp-block-file__button wp-element-button\" download>Download<\/a><\/div>\n\n\n\n<p><\/p>\n","protected":false},"excerpt":{"rendered":"<p>Softverski kod (&#8220;do-file&#8221; za softver STATA) kori\u0161ten u radu Sulimanec i sur. iz 2025 (https:\/\/doi.org\/10.1007\/s12403-024-00646-4). Softverski kod je kori\u0161ten za izra\u010dun kumulativnih postotaka konzumacije unutar svake L1 kategorije koriste\u0107i bazu EFSA Comprehensive European Food Consumption Database (https:\/\/www.efsa.europa.eu\/en\/data-report\/food-consumption-data):<\/p>\n","protected":false},"author":1,"featured_media":333,"parent":0,"menu_order":0,"comment_status":"closed","ping_status":"closed","template":"","meta":{"footnotes":""},"tags":[],"class_list":["post-151","page","type-page","status-publish","has-post-thumbnail","hentry"],"jetpack_sharing_enabled":true,"_links":{"self":[{"href":"https:\/\/pyropech.imi.hr\/index.php\/wp-json\/wp\/v2\/pages\/151","targetHints":{"allow":["GET"]}}],"collection":[{"href":"https:\/\/pyropech.imi.hr\/index.php\/wp-json\/wp\/v2\/pages"}],"about":[{"href":"https:\/\/pyropech.imi.hr\/index.php\/wp-json\/wp\/v2\/types\/page"}],"author":[{"embeddable":true,"href":"https:\/\/pyropech.imi.hr\/index.php\/wp-json\/wp\/v2\/users\/1"}],"replies":[{"embeddable":true,"href":"https:\/\/pyropech.imi.hr\/index.php\/wp-json\/wp\/v2\/comments?post=151"}],"version-history":[{"count":8,"href":"https:\/\/pyropech.imi.hr\/index.php\/wp-json\/wp\/v2\/pages\/151\/revisions"}],"predecessor-version":[{"id":254,"href":"https:\/\/pyropech.imi.hr\/index.php\/wp-json\/wp\/v2\/pages\/151\/revisions\/254"}],"wp:featuredmedia":[{"embeddable":true,"href":"https:\/\/pyropech.imi.hr\/index.php\/wp-json\/wp\/v2\/media\/333"}],"wp:attachment":[{"href":"https:\/\/pyropech.imi.hr\/index.php\/wp-json\/wp\/v2\/media?parent=151"}],"wp:term":[{"taxonomy":"post_tag","embeddable":true,"href":"https:\/\/pyropech.imi.hr\/index.php\/wp-json\/wp\/v2\/tags?post=151"}],"curies":[{"name":"wp","href":"https:\/\/api.w.org\/{rel}","templated":true}]}}